{"id":10345,"date":"2025-07-14T07:42:42","date_gmt":"2025-07-14T07:42:42","guid":{"rendered":"https:\/\/unikplace.us\/uncategorized\/ghe-tho-bo-suu-tap-cate\/"},"modified":"2025-10-14T09:43:27","modified_gmt":"2025-10-14T09:43:27","slug":"ghe-tho-bo-suu-tap-cate","status":"publish","type":"product","link":"https:\/\/unikplace.com\/vi\/bo-suu-tap\/bo-suu-tap-cate-vi\/ghe-tho-bo-suu-tap-cate\/","title":{"rendered":"Gh\u1ebf Th\u1ee3 | B\u1ed9 s\u01b0u t\u1eadp CATE"},"content":{"rendered":"<p data-start=\"0\" data-end=\"325\">Gh\u1ebf Th\u1ee3 | B\u1ed9 S\u01b0u T\u1eadp CATE t\u1eeb UnikPlace l\u00e0 l\u1ef1a ch\u1ecdn ho\u00e0n h\u1ea3o cho c\u00e1c ti\u1ec7m nail, spa v\u00e0 salon l\u00e0m \u0111\u1eb9p \u0111ang t\u00ecm ki\u1ebfm m\u1ed9t chi\u1ebfc gh\u1ebf v\u1eeba c\u00f3 t\u00ednh th\u1ea9m m\u1ef9 cao, v\u1eeba mang l\u1ea1i s\u1ef1 tho\u1ea3i m\u00e1i su\u1ed1t ng\u00e0y l\u00e0m vi\u1ec7c cho th\u1ee3.<br \/>V\u1edbi thi\u1ebft k\u1ebf hi\u1ec7n \u0111\u1ea1i v\u00e0 ch\u1ea5t li\u1ec7u cao c\u1ea5p, s\u1ea3n ph\u1ea9m kh\u00f4ng ch\u1ec9 n\u00e2ng t\u1ea7m kh\u00f4ng gian ti\u1ec7m, m\u00e0 c\u00f2n \u0111\u1ea3m b\u1ea3o t\u01b0 th\u1ebf ng\u1ed3i chu\u1ea9n v\u00e0 h\u1ed7 tr\u1ee3 t\u1ed1i \u0111a cho th\u1ee3 trong qu\u00e1 tr\u00ecnh l\u00e0m vi\u1ec7c. <\/p>\n<h2 data-start=\"332\" data-end=\"355\">Chi ti\u1ebft s\u1ea3n ph\u1ea9m<\/h2>\n<div id=\"attachment_19037\" style=\"width: 1034px\" class=\"wp-caption aligncenter\"><img loading=\"lazy\" decoding=\"async\" aria-describedby=\"caption-attachment-19037\" class=\"wp-image-19036 size-large\" src=\"https:\/\/unikplace.com\/wp-content\/uploads\/2025\/07\/technician-chair-cate-collection-cream-unikplace-01-1024x576.jpg\" alt=\"Gh\u1ebf Th\u1ee3 | B\u1ed9 s\u01b0u t\u1eadp CATE | Cream | UnikPlace 01\" width=\"1024\" height=\"576\" srcset=\"https:\/\/unikplace.com\/wp-content\/uploads\/2025\/07\/technician-chair-cate-collection-cream-unikplace-01-1024x576.jpg 1024w, https:\/\/unikplace.com\/wp-content\/uploads\/2025\/07\/technician-chair-cate-collection-cream-unikplace-01-300x169.jpg 300w, https:\/\/unikplace.com\/wp-content\/uploads\/2025\/07\/technician-chair-cate-collection-cream-unikplace-01-768x432.jpg 768w, https:\/\/unikplace.com\/wp-content\/uploads\/2025\/07\/technician-chair-cate-collection-cream-unikplace-01-150x84.jpg 150w, https:\/\/unikplace.com\/wp-content\/uploads\/2025\/07\/technician-chair-cate-collection-cream-unikplace-01.jpg 1200w\" sizes=\"auto, (max-width: 1024px) 100vw, 1024px\" \/><p id=\"caption-attachment-19037\" class=\"wp-caption-text\">Gh\u1ebf Th\u1ee3 m\u00e0u Cream thu\u1ed9c b\u1ed9 s\u01b0u t\u1eadp CATE Collection<\/p><\/div>\n<h3 data-start=\"357\" data-end=\"372\">Ch\u1ea5t Li\u1ec7u<\/h3>\n<ul>\n<li data-start=\"375\" data-end=\"429\">\u0110\u1ec7m da m\u1ec1m m\u1ea1i, ch\u1ed1ng th\u1ea5m n\u01b0\u1edbc \u2013 d\u1ec5 d\u00e0ng v\u1ec7 sinh<\/li>\n<li data-start=\"432\" data-end=\"486\">T\u1ef1a l\u01b0ng g\u1ed7 veneer cong v\u1edbi v\u00e2n g\u1ed7 n\u1ed5i b\u1eadt<\/li>\n<li data-start=\"489\" data-end=\"543\">Ch\u00e2n \u0111\u1ebf kim lo\u1ea1i m\u1ea1 chrome \u2013 b\u1ec1n b\u1ec9 v\u00e0 ch\u1eafc ch\u1eafn<\/li>\n<li data-start=\"546\" data-end=\"592\">B\u00e1nh xe xoay 360 \u0111\u1ed9 \u2013 di chuy\u1ec3n linh ho\u1ea1t v\u00e0 \u00eam \u00e1i<\/li>\n<\/ul>\n<h3 data-start=\"594\" data-end=\"608\">Nh\u1eefng t\u00ednh n\u0103ng n\u1ed5i b\u1eadt<\/h3>\n<ul>\n<li data-start=\"611\" data-end=\"668\">T\u1ef1a l\u01b0ng c\u00f4ng th\u00e1i h\u1ecdc \u2013 h\u1ed7 tr\u1ee3 t\u01b0 th\u1ebf ng\u1ed3i chu\u1ea9n<\/li>\n<li data-start=\"671\" data-end=\"713\">\u0110i\u1ec1u ch\u1ec9nh \u0111\u1ed9 cao b\u1eb1ng c\u1ea7n g\u1ea1t th\u1ee7y l\u1ef1c<\/li>\n<li data-start=\"716\" data-end=\"771\">Thi\u1ebft k\u1ebf c\u00f4ng th\u00e1i h\u1ecdc \u2013 gi\u1ea3m \u00e1p l\u1ef1c cho l\u01b0ng v\u00e0 c\u1ed5<\/li>\n<\/ul>\n<h2 data-start=\"778\" data-end=\"798\">L\u1ee3i \u00edch n\u1ed5i b\u1eadt<\/h2>\n<div id=\"attachment_19039\" style=\"width: 1034px\" class=\"wp-caption aligncenter\"><img loading=\"lazy\" decoding=\"async\" aria-describedby=\"caption-attachment-19039\" class=\"wp-image-19038 size-large\" src=\"https:\/\/unikplace.com\/wp-content\/uploads\/2025\/07\/technician-chair-cate-collection-midnight-black-unikplace-01-1024x576.jpg\" alt=\"Gh\u1ebf Th\u1ee3 | B\u1ed9 s\u01b0u t\u1eadp CATE | Midnight Black | UnikPlace 01\" width=\"1024\" height=\"576\" srcset=\"https:\/\/unikplace.com\/wp-content\/uploads\/2025\/07\/technician-chair-cate-collection-midnight-black-unikplace-01-1024x576.jpg 1024w, https:\/\/unikplace.com\/wp-content\/uploads\/2025\/07\/technician-chair-cate-collection-midnight-black-unikplace-01-300x169.jpg 300w, https:\/\/unikplace.com\/wp-content\/uploads\/2025\/07\/technician-chair-cate-collection-midnight-black-unikplace-01-768x432.jpg 768w, https:\/\/unikplace.com\/wp-content\/uploads\/2025\/07\/technician-chair-cate-collection-midnight-black-unikplace-01-150x84.jpg 150w, https:\/\/unikplace.com\/wp-content\/uploads\/2025\/07\/technician-chair-cate-collection-midnight-black-unikplace-01.jpg 1200w\" sizes=\"auto, (max-width: 1024px) 100vw, 1024px\" \/><p id=\"caption-attachment-19039\" class=\"wp-caption-text\">Gh\u1ebf Th\u1ee3 m\u00e0u Midnight Black thu\u1ed9c b\u1ed9 s\u01b0u t\u1eadp CATE Collection<\/p><\/div>\n<h3 data-start=\"800\" data-end=\"1096\">T\u0103ng hi\u1ec7u qu\u1ea3 l\u00e0m vi\u1ec7c<\/h3>\n<p data-start=\"800\" data-end=\"1096\">Gh\u1ebf c\u00f3 th\u1ec3 \u0111i\u1ec1u ch\u1ec9nh \u0111\u1ed9 cao linh ho\u1ea1t, gi\u00fap th\u1ee3 l\u00e0m vi\u1ec7c tho\u1ea3i m\u00e1i \u1edf m\u1ecdi g\u00f3c \u0111\u1ed9 v\u00e0 gi\u1ea3m m\u1ec7t m\u1ecfi cho l\u01b0ng, vai, c\u1ed5 trong su\u1ed1t nhi\u1ec1u gi\u1edd. \u0110\u1ec7m ng\u1ed3i \u00eam \u00e1i mang l\u1ea1i s\u1ef1 tho\u1ea3i m\u00e1i t\u1ed1i \u0111a, gi\u00fap duy tr\u00ec hi\u1ec7u su\u1ea5t v\u00e0 t\u1eadp trung trong su\u1ed1t ng\u00e0y l\u00e0m vi\u1ec7c. <\/p>\n<h3 data-start=\"1098\" data-end=\"1366\">T\u00f4n l\u00ean v\u1ebb \u0111\u1eb9p kh\u00f4ng gian ti\u1ec7m<\/h3>\n<p data-start=\"1098\" data-end=\"1366\">V\u1edbi thi\u1ebft k\u1ebf sang tr\u1ecdng v\u00e0 hi\u1ec7n \u0111\u1ea1i, chi\u1ebfc gh\u1ebf l\u00e0 l\u1ef1a ch\u1ecdn ho\u00e0n h\u1ea3o cho kh\u00f4ng gian ti\u1ec7m cao c\u1ea5p. \u0110\u01b0\u1eddng n\u00e9t tinh t\u1ebf v\u00e0 phong c\u00e1ch th\u1eddi th\u01b0\u1ee3ng kh\u00f4ng ch\u1ec9 t\u0103ng t\u00ednh th\u1ea9m m\u1ef9 m\u00e0 c\u00f2n g\u00f3p ph\u1ea7n t\u1ea1o n\u00ean m\u00f4i tr\u01b0\u1eddng l\u00e0m vi\u1ec7c chuy\u00ean nghi\u1ec7p v\u00e0 \u0111\u1eb3ng c\u1ea5p. <\/p>\n<h3 data-start=\"1368\" data-end=\"1656\">B\u1ec1n b\u1ec9 v\u00e0 d\u1ec5 b\u1ea3o d\u01b0\u1ee1ng<\/h3>\n<p data-start=\"1368\" data-end=\"1656\">\u0110\u01b0\u1ee3c l\u00e0m t\u1eeb da t\u1ed5ng h\u1ee3p cao c\u1ea5p, ch\u1ed1ng th\u1ea5m n\u01b0\u1edbc v\u00e0 d\u1ec5 v\u1ec7 sinh, gh\u1ebf lu\u00f4n gi\u1eef \u0111\u01b0\u1ee3c v\u1ebb ngo\u00e0i nh\u01b0 m\u1edbi theo th\u1eddi gian. Ch\u00e2n \u0111\u1ebf m\u1ea1 chrome ch\u1eafc ch\u1eafn c\u00f9ng b\u00e1nh xe cao c\u1ea5p mang l\u1ea1i \u0111\u1ed9 \u1ed5n \u0111\u1ecbnh tuy\u1ec7t v\u1eddi v\u00e0 \u0111\u1ed9 b\u1ec1n l\u00e2u d\u00e0i v\u1edbi nhu c\u1ea7u b\u1ea3o d\u01b0\u1ee1ng t\u1ed1i thi\u1ec3u. <\/p>\n<div id=\"attachment_19035\" style=\"width: 1034px\" class=\"wp-caption aligncenter\"><img loading=\"lazy\" decoding=\"async\" aria-describedby=\"caption-attachment-19035\" class=\"wp-image-19034 size-large\" src=\"https:\/\/unikplace.com\/wp-content\/uploads\/2025\/07\/technician-chair-cate-collection-brown-unikplace-01-1024x576.jpg\" alt=\"Gh\u1ebf Th\u1ee3 | B\u1ed9 s\u01b0u t\u1eadp CATE | Brown | UnikPlace 01\" width=\"1024\" height=\"576\" srcset=\"https:\/\/unikplace.com\/wp-content\/uploads\/2025\/07\/technician-chair-cate-collection-brown-unikplace-01-1024x576.jpg 1024w, https:\/\/unikplace.com\/wp-content\/uploads\/2025\/07\/technician-chair-cate-collection-brown-unikplace-01-300x169.jpg 300w, https:\/\/unikplace.com\/wp-content\/uploads\/2025\/07\/technician-chair-cate-collection-brown-unikplace-01-768x432.jpg 768w, https:\/\/unikplace.com\/wp-content\/uploads\/2025\/07\/technician-chair-cate-collection-brown-unikplace-01-150x84.jpg 150w, https:\/\/unikplace.com\/wp-content\/uploads\/2025\/07\/technician-chair-cate-collection-brown-unikplace-01.jpg 1200w\" sizes=\"auto, (max-width: 1024px) 100vw, 1024px\" \/><p id=\"caption-attachment-19035\" class=\"wp-caption-text\">Gh\u1ebf Th\u1ee3 m\u00e0u Brown thu\u1ed9c b\u1ed9 s\u01b0u t\u1eadp CATE Collection<\/p><\/div>\n<h2 data-start=\"1663\" data-end=\"1682\">Ph\u00f9 h\u1ee3p cho:<\/h2>\n<ul>\n<li data-start=\"1685\" data-end=\"1740\">Ch\u1ee7 ti\u1ec7m nail \u0111ang x\u00e2y d\u1ef1ng ho\u1eb7c n\u00e2ng c\u1ea5p kh\u00f4ng gian ti\u1ec7m<\/li>\n<li data-start=\"1743\" data-end=\"1800\">Th\u1ee3 nail c\u1ea7n m\u1ed9t chi\u1ebfc gh\u1ebf \u1ed5n \u0111\u1ecbnh v\u00e0 tho\u1ea3i m\u00e1i<\/li>\n<li data-start=\"1803\" data-end=\"1865\">Spa v\u00e0 salon t\u00ecm ki\u1ebfm gh\u1ebf th\u1ee3 hi\u1ec7n \u0111\u1ea1i, linh ho\u1ea1t<\/li>\n<\/ul>\n<h2 data-start=\"1872\" data-end=\"1939\">\u0110\u1eb7t mua Gh\u1ebf Th\u1ee3 | B\u1ed9 s\u01b0u t\u1eadp CATE t\u1ea1i UnikPlace<\/h2>\n<p data-start=\"1940\" data-end=\"2149\">S\u1ea3n ph\u1ea9m gi\u1ed1ng h\u00ecnh 100%, \u0111\u1ea3m b\u1ea3o ch\u1ea5t l\u01b0\u1ee3ng v\u00e0 thi\u1ebft k\u1ebf. UnikPlace cung c\u1ea5p d\u1ecbch v\u1ee5 giao h\u00e0ng to\u00e0n n\u01b0\u1edbc M\u1ef9 nhanh ch\u00f3ng v\u00e0 an to\u00e0n. \u01afu \u0111\u00e3i \u0111\u1eb7c bi\u1ec7t d\u00e0nh cho \u0111\u01a1n h\u00e0ng s\u1ed1 l\u01b0\u1ee3ng l\u1edbn t\u1eeb ti\u1ec7m nail, spa v\u00e0 ch\u1ee7 doanh nghi\u1ec7p. <\/p>\n<p data-start=\"2151\" data-end=\"2208\" data-is-last-node=\"\" data-is-only-node=\"\">Li\u00ean h\u1ec7 v\u1edbi ch\u00fang t\u00f4i ngay h\u00f4m nay \u0111\u1ec3 \u0111\u01b0\u1ee3c h\u1ed7 tr\u1ee3 v\u00e0 t\u01b0 v\u1ea5n nhanh ch\u00f3ng:<\/p>\n<ul>\n<li data-start=\"4048\" data-end=\"4107\"><strong>\u0110\u1ecba ch\u1ec9: Westminster California 92683 United States<\/strong><\/li>\n<li data-start=\"4110\" data-end=\"4161\"><strong>Website: <a class=\"\" href=\"https:\/\/unikplace.com\/vi\/\" target=\"_new\" rel=\"noopener\" data-start=\"4123\" data-end=\"4159\">unikplace.com<\/a><\/strong><\/li>\n<li data-start=\"4164\" data-end=\"4196\"><strong>Hotline: +1 (909) 566 0899<\/strong><\/li>\n<li data-start=\"4199\" data-end=\"4228\"><strong>Email: <a href=\"mailto:info@unikplace.com\">info@unikplace.com<\/a><\/strong><\/li>\n<\/ul>\n","protected":false},"excerpt":{"rendered":"<p>Gh\u1ebf Th\u1ee3 | B\u1ed9 s\u01b0u t\u1eadp CATE s\u1edf h\u1eefu thi\u1ebft k\u1ebf hi\u1ec7n \u0111\u1ea1i, \u0111\u1ec7m da m\u1ec1m m\u1ea1i v\u1edbi nhi\u1ec1u l\u1ef1a ch\u1ecdn m\u00e0u s\u1eafc v\u00e0 ch\u00e2n xoay linh ho\u1ea1t. \u0110\u00e2y l\u00e0 l\u1ef1a ch\u1ecdn l\u00fd t\u01b0\u1edfng cho c\u00e1c ti\u1ec7m nail, spa v\u00e0 salon l\u00e0m \u0111\u1eb9p t\u1ea1i Hoa K\u1ef3. <\/p>\n","protected":false},"featured_media":15625,"comment_status":"closed","ping_status":"closed","template":"","meta":{"_acf_changed":false,"content-type":""},"product_brand":[],"product_cat":[234,484,399,398],"product_tag":[],"class_list":{"0":"post-10345","1":"product","2":"type-product","3":"status-publish","4":"has-post-thumbnail","6":"product_cat-bo-suu-tap","7":"product_cat-bo-suu-tap-cate-vi","8":"product_cat-cham-soc-mong-tay","9":"product_cat-san-pham-nganh-nail","11":"first","12":"instock","13":"taxable","14":"shipping-taxable","15":"product-type-variable","16":"has-default-attributes"},"acf":[],"_links":{"self":[{"href":"https:\/\/unikplace.com\/vi\/wp-json\/wp\/v2\/product\/10345","targetHints":{"allow":["GET"]}}],"collection":[{"href":"https:\/\/unikplace.com\/vi\/wp-json\/wp\/v2\/product"}],"about":[{"href":"https:\/\/unikplace.com\/vi\/wp-json\/wp\/v2\/types\/product"}],"replies":[{"embeddable":true,"href":"https:\/\/unikplace.com\/vi\/wp-json\/wp\/v2\/comments?post=10345"}],"wp:featuredmedia":[{"embeddable":true,"href":"https:\/\/unikplace.com\/vi\/wp-json\/wp\/v2\/media\/15625"}],"wp:attachment":[{"href":"https:\/\/unikplace.com\/vi\/wp-json\/wp\/v2\/media?parent=10345"}],"wp:term":[{"taxonomy":"product_brand","embeddable":true,"href":"https:\/\/unikplace.com\/vi\/wp-json\/wp\/v2\/product_brand?post=10345"},{"taxonomy":"product_cat","embeddable":true,"href":"https:\/\/unikplace.com\/vi\/wp-json\/wp\/v2\/product_cat?post=10345"},{"taxonomy":"product_tag","embeddable":true,"href":"https:\/\/unikplace.com\/vi\/wp-json\/wp\/v2\/product_tag?post=10345"}],"curies":[{"name":"wp","href":"https:\/\/api.w.org\/{rel}","templated":true}]}}