{"id":10361,"date":"2025-06-27T15:56:12","date_gmt":"2025-06-27T15:56:12","guid":{"rendered":"https:\/\/unikplace.us\/uncategorized\/quay-bar-hien-dai-01-quay\/"},"modified":"2025-10-14T09:05:09","modified_gmt":"2025-10-14T09:05:09","slug":"quay-bar-hien-dai-01-quay","status":"publish","type":"product","link":"https:\/\/unikplace.com\/vi\/noi-that\/quay-bar-hien-dai-01-quay\/","title":{"rendered":"Qu\u1ea7y Bar Hi\u1ec7n \u0110\u1ea1i UP1 | Counter"},"content":{"rendered":"<p data-start=\"0\" data-end=\"331\">Qu\u1ea7y bar kh\u00f4ng ch\u1ec9 l\u00e0 n\u01a1i \u0111\u00f3n ti\u1ebfp kh\u00e1ch hay th\u1ef1c hi\u1ec7n giao d\u1ecbch \u2013 m\u00e0 c\u00f2n \u0111\u00f3ng vai tr\u00f2 quan tr\u1ecdng trong vi\u1ec7c th\u1ec3 hi\u1ec7n b\u1ea3n s\u1eafc th\u01b0\u01a1ng hi\u1ec7u. V\u1edbi thi\u1ebft k\u1ebf t\u1ed1i gi\u1ea3n nh\u01b0ng tinh t\u1ebf, qu\u1ea7y bar hi\u1ec7n \u0111\u1ea1i t\u1eeb UnikPlace l\u00e0 l\u1ef1a ch\u1ecdn l\u00fd t\u01b0\u1edfng \u0111\u1ec3 bi\u1ebfn kh\u00f4ng gian c\u1ee7a b\u1ea1n tr\u1edf n\u00ean chuy\u00ean nghi\u1ec7p, sang tr\u1ecdng v\u00e0 mang d\u1ea5u \u1ea5n ri\u00eang. <\/p>\n<div id=\"attachment_19026\" style=\"width: 1034px\" class=\"wp-caption aligncenter\"><img loading=\"lazy\" decoding=\"async\" aria-describedby=\"caption-attachment-19026\" class=\"wp-image-19025 size-large\" src=\"https:\/\/unikplace.com\/wp-content\/uploads\/2025\/06\/modern-bar-counter-up1-06-1024x576.jpg\" alt=\"Qu\u1ea7y Bar Hi\u1ec7n \u0110\u1ea1i UP1 | Counter 06\" width=\"1024\" height=\"576\" srcset=\"https:\/\/unikplace.com\/wp-content\/uploads\/2025\/06\/modern-bar-counter-up1-06-1024x576.jpg 1024w, https:\/\/unikplace.com\/wp-content\/uploads\/2025\/06\/modern-bar-counter-up1-06-300x169.jpg 300w, https:\/\/unikplace.com\/wp-content\/uploads\/2025\/06\/modern-bar-counter-up1-06-768x432.jpg 768w, https:\/\/unikplace.com\/wp-content\/uploads\/2025\/06\/modern-bar-counter-up1-06-150x84.jpg 150w, https:\/\/unikplace.com\/wp-content\/uploads\/2025\/06\/modern-bar-counter-up1-06.jpg 1200w\" sizes=\"auto, (max-width: 1024px) 100vw, 1024px\" \/><p id=\"caption-attachment-19026\" class=\"wp-caption-text\">Qu\u1ea7y Bar Hi\u1ec7n \u0110\u1ea1i UP1<\/p><\/div>\n<h2 data-start=\"338\" data-end=\"363\">Chi ti\u1ebft s\u1ea3n ph\u1ea9m<\/h2>\n<ul>\n<li data-start=\"366\" data-end=\"417\"><strong data-start=\"366\" data-end=\"380\">B\u1ed9 s\u01b0u t\u1eadp:<\/strong> Thi\u1ebft k\u1ebf \u0111\u1ed9c quy\u1ec1n b\u1edfi UnikPlace<\/li>\n<li data-start=\"420\" data-end=\"467\"><strong data-start=\"420\" data-end=\"429\">Phong c\u00e1ch: <\/strong>Hi\u1ec7n \u0111\u1ea1i \u2013 T\u1ed1i gi\u1ea3n \u2013 \u0110\u01b0\u01a1ng \u0111\u1ea1i<\/li>\n<li data-start=\"470\" data-end=\"580\"><strong data-start=\"470\" data-end=\"491\">Ch\u1ea5t li\u1ec7u ch\u00ednh: <\/strong>M\u1eb7t \u0111\u00e1 nh\u00e2n t\u1ea1o v\u00e2n m\u00e2y \u0111en \u2013 ch\u1ed1ng th\u1ea5m n\u01b0\u1edbc, d\u1ec5 v\u1ec7 sinh<\/li>\n<li data-start=\"583\" data-end=\"646\"><strong data-start=\"583\" data-end=\"599\">Thi\u1ebft k\u1ebf m\u1eb7t tr\u01b0\u1edbc: <\/strong>C\u00e1c r\u00e3nh d\u1ecdc t\u1ea1o chi\u1ec1u s\u00e2u v\u00e0 \u0111i\u1ec3m nh\u1ea5n th\u1ecb gi\u00e1c<\/li>\n<li data-start=\"649\" data-end=\"720\"><strong data-start=\"649\" data-end=\"664\">Thi\u1ebft k\u1ebf hai b\u00ean:<\/strong> Vi\u1ec1n cong m\u1ec1m m\u1ea1i, k\u1ebft c\u1ea5u ch\u1eafc ch\u1eafn v\u00e0 b\u1ec1n b\u1ec9<\/li>\n<li data-start=\"723\" data-end=\"801\"><strong data-start=\"723\" data-end=\"738\">Thi\u1ebft k\u1ebf m\u1eb7t sau: <\/strong>H\u1ec7 t\u1ee7 l\u01b0u tr\u1eef t\u00edch h\u1ee3p, t\u1ed1i \u01b0u c\u00f4ng n\u0103ng s\u1eed d\u1ee5ng<\/li>\n<li data-start=\"804\" data-end=\"884\"><strong data-start=\"804\" data-end=\"820\">B\u1ea3ng m\u00e0u: <\/strong>Th\u00e2n tr\u1eafng kem k\u1ebft h\u1ee3p m\u1eb7t \u0111\u00e1 \u0111en v\u00e2n t\u1ef1 nhi\u00ean<\/li>\n<li data-start=\"887\" data-end=\"929\"><strong data-start=\"887\" data-end=\"895\">K\u00edch th\u01b0\u1edbc:<\/strong> T\u00f9y ch\u1ec9nh linh ho\u1ea1t \u0111\u1ec3 ph\u00f9 h\u1ee3p v\u1edbi kh\u00f4ng gian c\u1ee7a b\u1ea1n<\/li>\n<li data-start=\"932\" data-end=\"1018\"><strong data-start=\"932\" data-end=\"948\">\u1ee8ng d\u1ee5ng:<\/strong> Spa, showroom, c\u1eeda h\u00e0ng th\u1eddi trang, studio, qu\u1ea7y l\u1ec5 t\u00e2n, v\u0103n ph\u00f2ng<\/li>\n<\/ul>\n<h2 data-start=\"1025\" data-end=\"1050\">\u0110i\u1ec3m Nh\u1ea5n Thi\u1ebft K\u1ebf<\/h2>\n<div id=\"attachment_19022\" style=\"width: 1034px\" class=\"wp-caption aligncenter\"><img loading=\"lazy\" decoding=\"async\" aria-describedby=\"caption-attachment-19022\" class=\"wp-image-19021 size-large\" src=\"https:\/\/unikplace.com\/wp-content\/uploads\/2025\/06\/modern-bar-counter-up1-04-1024x576.jpg\" alt=\"Qu\u1ea7y Bar Hi\u1ec7n \u0110\u1ea1i UP1 | Counter 04\" width=\"1024\" height=\"576\" srcset=\"https:\/\/unikplace.com\/wp-content\/uploads\/2025\/06\/modern-bar-counter-up1-04-1024x576.jpg 1024w, https:\/\/unikplace.com\/wp-content\/uploads\/2025\/06\/modern-bar-counter-up1-04-300x169.jpg 300w, https:\/\/unikplace.com\/wp-content\/uploads\/2025\/06\/modern-bar-counter-up1-04-768x432.jpg 768w, https:\/\/unikplace.com\/wp-content\/uploads\/2025\/06\/modern-bar-counter-up1-04-150x84.jpg 150w, https:\/\/unikplace.com\/wp-content\/uploads\/2025\/06\/modern-bar-counter-up1-04.jpg 1200w\" sizes=\"auto, (max-width: 1024px) 100vw, 1024px\" \/><p id=\"caption-attachment-19022\" class=\"wp-caption-text\">Qu\u1ea7y Bar Hi\u1ec7n \u0110\u1ea1i UP1<\/p><\/div>\n<h3 data-start=\"1052\" data-end=\"1095\">T\u1ed1i gi\u1ea3n nh\u01b0ng \u1ea5n t\u01b0\u1ee3ng th\u1ecb gi\u00e1c<\/h3>\n<p data-start=\"1096\" data-end=\"1378\">L\u1ea5y c\u1ea3m h\u1ee9ng t\u1eeb phong c\u00e1ch t\u1ed1i gi\u1ea3n hi\u1ec7n \u0111\u1ea1i, thi\u1ebft k\u1ebf qu\u1ea7y t\u1eadp trung v\u00e0o s\u1ef1 tinh g\u1ecdn v\u1edbi \u0111\u01b0\u1eddng n\u00e9t r\u00f5 r\u00e0ng, t\u1ef7 l\u1ec7 c\u00e2n \u0111\u1ed1i v\u00e0 b\u1ed1 c\u1ee5c m\u1ea1ch l\u1ea1c. Lo\u1ea1i b\u1ecf chi ti\u1ebft th\u1eeba, t\u1ed5ng th\u1ec3 mang v\u1ebb \u0111\u1eb9p tinh t\u1ebf, sang tr\u1ecdng v\u00e0 th\u1ec3 hi\u1ec7n gu th\u1ea9m m\u1ef9 \u0111\u1eb3ng c\u1ea5p. <\/p>\n<h3 data-start=\"1380\" data-end=\"1434\">Ch\u1ea5t li\u1ec7u cao c\u1ea5p cho \u0111\u1ed9 b\u1ec1n l\u00e2u d\u00e0i<\/h3>\n<p data-start=\"1435\" data-end=\"1729\">\u0110\u01b0\u1ee3c ch\u1ebf t\u00e1c t\u1eeb v\u1eadt li\u1ec7u cao c\u1ea5p ch\u1ed1ng \u1ea9m, qu\u1ea7y bar \u0111\u1ea3m b\u1ea3o \u0111\u1ed9 b\u1ec1n v\u01b0\u1ee3t tr\u1ed9i ngay c\u1ea3 trong m\u00f4i tr\u01b0\u1eddng c\u00f3 \u0111\u1ed9 \u1ea9m cao. B\u1ec1 m\u1eb7t \u0111\u00e1 nh\u00e2n t\u1ea1o v\u00e2n m\u00e2y kh\u00f4ng ch\u1ec9 mang v\u1ebb hi\u1ec7n \u0111\u1ea1i v\u00e0 tinh t\u1ebf m\u00e0 c\u00f2n ch\u1ed1ng th\u1ea5m n\u01b0\u1edbc, tr\u1ea7y x\u01b0\u1edbc v\u00e0 phai m\u00e0u \u2013 gi\u1eef \u0111\u01b0\u1ee3c \u0111\u1ed9 b\u00f3ng \u0111\u1eb9p theo th\u1eddi gian. <\/p>\n<p data-start=\"1731\" data-end=\"1891\">\u0110i\u1ec1u n\u00e0y khi\u1ebfn s\u1ea3n ph\u1ea9m tr\u1edf th\u00e0nh l\u1ef1a ch\u1ecdn l\u00fd t\u01b0\u1edfng cho c\u00e1c kh\u00f4ng gian c\u00f3 t\u1ea7n su\u1ea5t s\u1eed d\u1ee5ng cao nh\u01b0 spa, salon v\u00e0 showroom \u2013 n\u01a1i y\u00eau c\u1ea7u s\u1ef1 b\u1ec1n b\u1ec9 v\u00e0 t\u00ednh th\u1ea9m m\u1ef9 \u0111\u1ed3ng nh\u1ea5t theo th\u1eddi gian.<\/p>\n<h3 data-start=\"1893\" data-end=\"1932\">M\u1eb7t tr\u01b0\u1edbc n\u1ed5i b\u1eadt, m\u1eb7t sau g\u1ecdn g\u00e0ng<\/h3>\n<p data-start=\"1933\" data-end=\"2147\">M\u1eb7t tr\u01b0\u1edbc n\u1ed5i b\u1eadt v\u1edbi c\u00e1c \u0111\u01b0\u1eddng r\u00e3nh d\u1ecdc \u0111\u1ec1u v\u00e0 \u0111\u01b0\u1eddng cong m\u1ec1m m\u1ea1i t\u1ea1o \u1ea5n t\u01b0\u1ee3ng th\u1ecb gi\u00e1c m\u1ea1nh m\u1ebd, trong khi m\u1eb7t sau \u0111\u01b0\u1ee3c t\u00edch h\u1ee3p h\u1ec7 t\u1ee7 l\u01b0u tr\u1eef th\u00f4ng minh, gi\u00fap kh\u00f4ng gian lu\u00f4n g\u1ecdn g\u00e0ng, chuy\u00ean nghi\u1ec7p v\u00e0 hi\u1ec7u qu\u1ea3 trong v\u1eadn h\u00e0nh.<\/p>\n<h2 data-start=\"2154\" data-end=\"2209\">L\u1ee3i \u00edch c\u1ee7a Qu\u1ea7y Bar Hi\u1ec7n \u0110\u1ea1i t\u1eeb UnikPlace<\/h2>\n<div id=\"attachment_19024\" style=\"width: 1034px\" class=\"wp-caption aligncenter\"><img loading=\"lazy\" decoding=\"async\" aria-describedby=\"caption-attachment-19024\" class=\"wp-image-19023 size-large\" src=\"https:\/\/unikplace.com\/wp-content\/uploads\/2025\/06\/modern-bar-counter-up1-05-1024x576.jpg\" alt=\"Qu\u1ea7y Bar Hi\u1ec7n \u0110\u1ea1i UP1 | Counter 05\" width=\"1024\" height=\"576\" srcset=\"https:\/\/unikplace.com\/wp-content\/uploads\/2025\/06\/modern-bar-counter-up1-05-1024x576.jpg 1024w, https:\/\/unikplace.com\/wp-content\/uploads\/2025\/06\/modern-bar-counter-up1-05-300x169.jpg 300w, https:\/\/unikplace.com\/wp-content\/uploads\/2025\/06\/modern-bar-counter-up1-05-768x432.jpg 768w, https:\/\/unikplace.com\/wp-content\/uploads\/2025\/06\/modern-bar-counter-up1-05-150x84.jpg 150w, https:\/\/unikplace.com\/wp-content\/uploads\/2025\/06\/modern-bar-counter-up1-05.jpg 1200w\" sizes=\"auto, (max-width: 1024px) 100vw, 1024px\" \/><p id=\"caption-attachment-19024\" class=\"wp-caption-text\">Qu\u1ea7y Bar Hi\u1ec7n \u0110\u1ea1i UP1<\/p><\/div>\n<h3 data-start=\"2211\" data-end=\"2256\">Th\u1ec3 hi\u1ec7n h\u00ecnh \u1ea3nh th\u01b0\u01a1ng hi\u1ec7u chuy\u00ean nghi\u1ec7p<\/h3>\n<p data-start=\"2257\" data-end=\"2531\">M\u1ed9t qu\u1ea7y bar \u0111\u01b0\u1ee3c thi\u1ebft k\u1ebf tinh t\u1ebf kh\u00f4ng ch\u1ec9 \u0111\u00e1p \u1ee9ng c\u00f4ng n\u0103ng m\u00e0 c\u00f2n th\u1ec3 hi\u1ec7n s\u1ef1 chuy\u00ean nghi\u1ec7p, gu th\u1ea9m m\u1ef9 v\u00e0 s\u1ef1 ch\u1ec9n chu trong t\u1eebng chi ti\u1ebft c\u1ee7a th\u01b0\u01a1ng hi\u1ec7u. N\u00f3 t\u1ea1o \u1ea5n t\u01b0\u1ee3ng \u0111\u1ea7u ti\u00ean m\u1ea1nh m\u1ebd, gi\u00fap x\u00e2y d\u1ef1ng ni\u1ec1m tin v\u00e0 k\u1ebft n\u1ed1i v\u1edbi kh\u00e1ch h\u00e0ng ngay t\u1eeb gi\u00e2y ph\u00fat \u0111\u1ea7u ti\u00ean. <\/p>\n<h3 data-start=\"2533\" data-end=\"2575\">T\u1ed1i \u01b0u hi\u1ec7u qu\u1ea3 v\u1eadn h\u00e0nh<\/h3>\n<p data-start=\"2576\" data-end=\"2837\">V\u1edbi h\u1ec7 t\u1ee7 l\u01b0u tr\u1eef th\u00f4ng minh v\u00e0 ng\u0103n s\u1eafp x\u1ebfp khoa h\u1ecdc, qu\u1ea7y gi\u00fap t\u1ed1i \u01b0u quy tr\u00ecnh l\u00e0m vi\u1ec7c, cho ph\u00e9p nh\u00e2n vi\u00ean d\u1ec5 d\u00e0ng ti\u1ebfp c\u1eadn d\u1ee5ng c\u1ee5 v\u00e0 v\u1eadt ph\u1ea9m c\u1ea7n thi\u1ebft. Nh\u1edd \u0111\u00f3, tr\u1ea3i nghi\u1ec7m ph\u1ee5c v\u1ee5 tr\u1edf n\u00ean tr\u01a1n tru h\u01a1n v\u00e0 hi\u1ec7u su\u1ea5t l\u00e0m vi\u1ec7c \u0111\u01b0\u1ee3c n\u00e2ng cao \u0111\u00e1ng k\u1ec3. <\/p>\n<h3 data-start=\"2839\" data-end=\"2897\">D\u1ec5 d\u00e0ng ph\u00f9 h\u1ee3p v\u1edbi nhi\u1ec1u m\u00f4 h\u00ecnh kinh doanh<\/h3>\n<p data-start=\"2898\" data-end=\"3146\">D\u00f9 b\u1ea1n \u0111i\u1ec1u h\u00e0nh m\u1ed9t spa th\u01b0 gi\u00e3n, studio s\u00e1ng t\u1ea1o hay c\u1eeda h\u00e0ng cao c\u1ea5p, qu\u1ea7y bar hi\u1ec7n \u0111\u1ea1i n\u00e0y \u0111\u1ec1u d\u1ec5 d\u00e0ng h\u00f2a h\u1ee3p v\u1edbi nhi\u1ec1u phong c\u00e1ch n\u1ed9i th\u1ea5t kh\u00e1c nhau \u2013 v\u1eeba n\u00e2ng t\u1ea7m kh\u00f4ng gian, v\u1eeba \u0111\u1ea3m b\u1ea3o s\u1ef1 nh\u1ea5t qu\u00e1n v\u1edbi h\u00ecnh \u1ea3nh th\u01b0\u01a1ng hi\u1ec7u c\u1ee7a b\u1ea1n.<\/p>\n<h2 data-start=\"3153\" data-end=\"3199\">Qu\u1ea7y Bar N\u00e0y Ph\u00f9 H\u1ee3p V\u1edbi Ai?<\/h2>\n<ul>\n<li data-start=\"3202\" data-end=\"3260\">Ch\u1ee7 doanh nghi\u1ec7p \u0111ang thi\u1ebft k\u1ebf ho\u1eb7c c\u1ea3i t\u1ea1o khu v\u1ef1c l\u1ec5 t\u00e2n<\/li>\n<li data-start=\"3263\" data-end=\"3352\">Ch\u1ee7 spa, studio ho\u1eb7c v\u0103n ph\u00f2ng t\u00ecm ki\u1ebfm qu\u1ea7y l\u1ec5 t\u00e2n nh\u1ecf g\u1ecdn, tinh t\u1ebf v\u00e0 hi\u1ec7u qu\u1ea3<\/li>\n<li data-start=\"3355\" data-end=\"3450\">Qu\u1ea3n l\u00fd showroom ho\u1eb7c c\u1eeda h\u00e0ng cao c\u1ea5p mu\u1ed1n s\u1edf h\u1eefu khu v\u1ef1c \u0111\u00f3n kh\u00e1ch sang tr\u1ecdng v\u00e0 th\u1ea9m m\u1ef9<\/li>\n<li data-start=\"3453\" data-end=\"3559\">Nh\u00e0 thi\u1ebft k\u1ebf n\u1ed9i th\u1ea5t v\u00e0 \u0111\u01a1n v\u1ecb thi c\u00f4ng c\u1ea7n qu\u1ea7y bar hi\u1ec7n \u0111\u1ea1i, linh ho\u1ea1t, ph\u00f9 h\u1ee3p v\u1edbi nhi\u1ec1u b\u1ed1 c\u1ee5c kh\u00f4ng gian<\/li>\n<\/ul>\n<h2 data-start=\"3566\" data-end=\"3635\">\u0110\u1eb7t h\u00e0ng t\u1ea1i UnikPlace \u2013 Thi\u1ebft k\u1ebf t\u00f9y ch\u1ec9nh v\u1edbi ch\u1ea5t l\u01b0\u1ee3ng v\u01b0\u1ee3t tr\u1ed9i<\/h2>\n<p data-start=\"3636\" data-end=\"3858\">T\u1ea1i UnikPlace, m\u1ed7i s\u1ea3n ph\u1ea9m \u0111\u1ec1u \u0111\u01b0\u1ee3c t\u1ea1o n\u00ean v\u1edbi s\u1ef1 k\u1ebft h\u1ee3p ho\u00e0n h\u1ea3o gi\u1eefa th\u1ea9m m\u1ef9, c\u00f4ng n\u0103ng v\u00e0 \u0111\u1ed9 b\u1ec1n. B\u1ea1n c\u00f3 th\u1ec3 y\u00eau c\u1ea7u t\u00f9y ch\u1ec9nh k\u00edch th\u01b0\u1edbc v\u00e0 b\u1ea3ng m\u00e0u \u0111\u1ec3 ph\u00f9 h\u1ee3p v\u1edbi kh\u00f4ng gian, \u0111\u1ea3m b\u1ea3o t\u1ed5ng th\u1ec3 h\u00e0i h\u00f2a v\u00e0 \u0111\u1eb9p m\u1eaft.<br \/>Li\u00ean h\u1ec7 v\u1edbi ch\u00fang t\u00f4i ngay h\u00f4m nay \u0111\u1ec3 \u0111\u01b0\u1ee3c t\u01b0 v\u1ea5n thi\u1ebft k\u1ebf 1:1, giao h\u00e0ng to\u00e0n qu\u1ed1c v\u00e0 h\u1ed7 tr\u1ee3 l\u1eafp \u0111\u1eb7t chuy\u00ean nghi\u1ec7p tr\u00ean kh\u1eafp n\u01b0\u1edbc M\u1ef9.  <\/p>\n<p data-start=\"3999\" data-end=\"4089\" data-is-last-node=\"\" data-is-only-node=\"\">Th\u00f4ng Tin Li\u00ean H\u1ec7 \u2013 H\u1ed7 Tr\u1ee3 &amp; T\u01b0 V\u1ea5n Nhanh Ch\u00f3ng:<\/p>\n<ul>\n<li data-start=\"4048\" data-end=\"4107\"><strong>\u0110\u1ecba ch\u1ec9: Westminster California 92683 United States<\/strong><\/li>\n<li data-start=\"4110\" data-end=\"4161\"><strong>Website: <a class=\"\" href=\"https:\/\/unikplace.com\/vi\/\" target=\"_new\" rel=\"noopener\" data-start=\"4123\" data-end=\"4159\">unikplace.com<\/a><\/strong><\/li>\n<li data-start=\"4164\" data-end=\"4196\"><strong>Hotline: +1 (909) 566 0899<\/strong><\/li>\n<li data-start=\"4199\" data-end=\"4228\"><strong>Email: <a href=\"mailto:info@unikplace.com\">info@unikplace.com<\/a><\/strong><\/li>\n<\/ul>\n","protected":false},"excerpt":{"rendered":"<article dir=\"auto\" tabindex=\"-1\" data-testid=\"conversation-turn-112\" data-scroll-anchor=\"true\" data-turn=\"assistant\">\n<div tabindex=\"-1\">\n<div dir=\"auto\" data-message-author-role=\"assistant\" data-message-id=\"3ebd76ec-95be-4634-b5f4-2ccce88be68c\" data-message-model-slug=\"gpt-4o\">\n<article dir=\"auto\" tabindex=\"-1\" data-testid=\"conversation-turn-114\" data-scroll-anchor=\"true\" data-turn=\"assistant\">\n<div>\n<div tabindex=\"-1\">\n<div>\n<div dir=\"auto\" data-message-author-role=\"assistant\" data-message-id=\"d51930aa-1a4e-4fed-a35d-1db32a79ffff\" data-message-model-slug=\"gpt-4o\">\n<div>\n<div>\n<p data-start=\"0\" data-end=\"223\" data-is-last-node=\"\" data-is-only-node=\"\">Qu\u1ea7y bar s\u1edf h\u1eefu thi\u1ebft k\u1ebf t\u1ed1i gi\u1ea3n tinh t\u1ebf, k\u1ebft h\u1ee3p c\u00f9ng m\u1eb7t \u0111\u00e1 v\u00e2n m\u00e2y sang tr\u1ecdng t\u1ea1o n\u00ean \u0111i\u1ec3m nh\u1ea5n \u1ea5n t\u01b0\u1ee3ng \u2013 l\u00e0 l\u1ef1a ch\u1ecdn l\u00fd t\u01b0\u1edfng cho showroom, spa, studio ho\u1eb7c kh\u00f4ng gian v\u0103n ph\u00f2ng cao c\u1ea5p.<\/p>\n<\/div>\n<\/div>\n<\/div>\n<\/div>\n<\/div>\n<\/div>\n<\/article>\n<\/div>\n<\/div>\n<\/article>\n","protected":false},"featured_media":15673,"comment_status":"closed","ping_status":"closed","template":"","meta":{"_acf_changed":false,"content-type":""},"product_brand":[],"product_cat":[235,396],"product_tag":[],"class_list":{"0":"post-10361","1":"product","2":"type-product","3":"status-publish","4":"has-post-thumbnail","6":"product_cat-noi-that","7":"product_cat-quay-le-tan-vi","9":"first","10":"instock","11":"taxable","12":"shipping-taxable","13":"product-type-simple"},"acf":[],"_links":{"self":[{"href":"https:\/\/unikplace.com\/vi\/wp-json\/wp\/v2\/product\/10361","targetHints":{"allow":["GET"]}}],"collection":[{"href":"https:\/\/unikplace.com\/vi\/wp-json\/wp\/v2\/product"}],"about":[{"href":"https:\/\/unikplace.com\/vi\/wp-json\/wp\/v2\/types\/product"}],"replies":[{"embeddable":true,"href":"https:\/\/unikplace.com\/vi\/wp-json\/wp\/v2\/comments?post=10361"}],"wp:featuredmedia":[{"embeddable":true,"href":"https:\/\/unikplace.com\/vi\/wp-json\/wp\/v2\/media\/15673"}],"wp:attachment":[{"href":"https:\/\/unikplace.com\/vi\/wp-json\/wp\/v2\/media?parent=10361"}],"wp:term":[{"taxonomy":"product_brand","embeddable":true,"href":"https:\/\/unikplace.com\/vi\/wp-json\/wp\/v2\/product_brand?post=10361"},{"taxonomy":"product_cat","embeddable":true,"href":"https:\/\/unikplace.com\/vi\/wp-json\/wp\/v2\/product_cat?post=10361"},{"taxonomy":"product_tag","embeddable":true,"href":"https:\/\/unikplace.com\/vi\/wp-json\/wp\/v2\/product_tag?post=10361"}],"curies":[{"name":"wp","href":"https:\/\/api.w.org\/{rel}","templated":true}]}}