{"id":10362,"date":"2025-06-27T15:46:59","date_gmt":"2025-06-27T15:46:59","guid":{"rendered":"https:\/\/unikplace.us\/uncategorized\/tu-dao-02-tu\/"},"modified":"2025-10-14T08:41:27","modified_gmt":"2025-10-14T08:41:27","slug":"tu-dao-02-tu","status":"publish","type":"product","link":"https:\/\/unikplace.com\/vi\/noi-that\/tu-dao-02-tu\/","title":{"rendered":"Island Cabinet UP2 | Cabinet"},"content":{"rendered":"<p data-start=\"103\" data-end=\"400\">Kh\u00f4ng ch\u1ec9 l\u00e0 m\u1ed9t m\u00f3n n\u1ed9i th\u1ea5t, Island Cabinet c\u1ee7a UnikPlace l\u00e0 gi\u1ea3i ph\u00e1p ho\u00e0n h\u1ea3o \u0111\u1ec3 n\u00e2ng t\u1ea7m kh\u00f4ng gian ti\u1ec7m nail v\u1edbi thi\u1ebft k\u1ebf sang tr\u1ecdng v\u00e0 kh\u1ea3 n\u0103ng l\u01b0u tr\u1eef t\u1ed1i \u01b0u. S\u1edf h\u1eefu phong c\u00e1ch hi\u1ec7n \u0111\u1ea1i, tinh t\u1ebf c\u00f9ng ch\u1ea5t l\u01b0\u1ee3ng gia c\u00f4ng cao c\u1ea5p, s\u1ea3n ph\u1ea9m n\u00e0y tr\u1edf th\u00e0nh \u0111i\u1ec3m nh\u1ea5n n\u1ed5i b\u1eadt cho m\u1ecdi salon l\u00e0m \u0111\u1eb9p. <\/p>\n<div id=\"attachment_19018\" style=\"width: 1034px\" class=\"wp-caption aligncenter\"><img loading=\"lazy\" decoding=\"async\" aria-describedby=\"caption-attachment-19018\" class=\"wp-image-19017 size-large\" src=\"https:\/\/unikplace.com\/wp-content\/uploads\/2025\/06\/island-cabinet-up2-cabinet-4-1024x576.jpg\" alt=\"Island Cabinet UP2 | Cabinet | Unikplace 4\" width=\"1024\" height=\"576\" srcset=\"https:\/\/unikplace.com\/wp-content\/uploads\/2025\/06\/island-cabinet-up2-cabinet-4-1024x576.jpg 1024w, https:\/\/unikplace.com\/wp-content\/uploads\/2025\/06\/island-cabinet-up2-cabinet-4-300x169.jpg 300w, https:\/\/unikplace.com\/wp-content\/uploads\/2025\/06\/island-cabinet-up2-cabinet-4-768x432.jpg 768w, https:\/\/unikplace.com\/wp-content\/uploads\/2025\/06\/island-cabinet-up2-cabinet-4-150x84.jpg 150w, https:\/\/unikplace.com\/wp-content\/uploads\/2025\/06\/island-cabinet-up2-cabinet-4.jpg 1200w\" sizes=\"auto, (max-width: 1024px) 100vw, 1024px\" \/><p id=\"caption-attachment-19018\" class=\"wp-caption-text\">Island Cabinet UP2<\/p><\/div>\n<h2 data-start=\"407\" data-end=\"430\">Chi ti\u1ebft s\u1ea3n ph\u1ea9m<\/h2>\n<ul>\n<li data-start=\"434\" data-end=\"488\"><strong data-start=\"434\" data-end=\"447\">Ch\u1ea5t li\u1ec7u:<\/strong> Ch\u1ed1ng \u1ea9m v\u00e0 ch\u1ed1ng tr\u1ea7y x\u01b0\u1edbc<\/li>\n<li data-start=\"491\" data-end=\"540\"><strong data-start=\"491\" data-end=\"501\">M\u00e0u s\u1eafc: <\/strong>Tr\u1eafng tinh t\u1ebf k\u1ebft h\u1ee3p vi\u1ec1n v\u00e0ng sang tr\u1ecdng<\/li>\n<li data-start=\"543\" data-end=\"617\"><strong data-start=\"543\" data-end=\"555\">Tay n\u1eafm: <\/strong>Inox m\u1ea1 v\u00e0ng, ch\u1ed1ng g\u1ec9 s\u00e9t v\u00e0 d\u1ec5 v\u1ec7 sinh<\/li>\n<li data-start=\"620\" data-end=\"662\"><strong data-start=\"620\" data-end=\"632\">B\u1ec1 m\u1eb7t: <\/strong>M\u1ecbn, d\u1ec5 lau ch\u00f9i v\u1ec7 sinh<\/li>\n<li data-start=\"665\" data-end=\"761\"><strong data-start=\"665\" data-end=\"678\">Ch\u1ee9c n\u0103ng: <\/strong>L\u00fd t\u01b0\u1edfng \u0111\u1ec3 l\u01b0u tr\u1eef d\u1ee5ng c\u1ee5, kh\u0103n, v\u1eadt d\u1ee5ng c\u00e1 nh\u00e2n v\u00e0 tr\u01b0ng b\u00e0y s\u1ea3n ph\u1ea9m ch\u0103m s\u00f3c m\u00f3ng<\/li>\n<\/ul>\n<h2 data-start=\"768\" data-end=\"803\">\u0110\u1eb7c \u0111i\u1ec3m thi\u1ebft k\u1ebf n\u1ed5i b\u1eadt<\/h2>\n<h3 data-start=\"805\" data-end=\"849\">T\u1ed1i gi\u1ea3n \u2013 Hi\u1ec7n \u0111\u1ea1i \u2013 Tinh t\u1ebf<\/h3>\n<p data-start=\"851\" data-end=\"1131\">V\u1edbi b\u1ec1 m\u1eb7t ph\u1eb3ng m\u1ecbn, \u0111\u01b0\u1eddng n\u00e9t s\u1eafc s\u1ea3o v\u00e0 l\u1edbp ho\u00e0n thi\u1ec7n m\u00e0u tr\u1eafng tinh t\u1ebf \u0111i\u1ec3m vi\u1ec1n v\u00e0ng sang tr\u1ecdng, Island Cabinet to\u00e1t l\u00ean v\u1ebb \u0111\u1eb3ng c\u1ea5p v\u00e0 chuy\u00ean nghi\u1ec7p. D\u00f9 \u0111\u01b0\u1ee3c \u0111\u1eb7t \u1edf trung t\u00e2m hay s\u00e1t t\u01b0\u1eddng, s\u1ea3n ph\u1ea9m v\u1eabn d\u1ec5 d\u00e0ng thu h\u00fat \u00e1nh nh\u00ecn v\u00e0 tr\u1edf th\u00e0nh \u0111i\u1ec3m nh\u1ea5n th\u1ea9m m\u1ef9 trong kh\u00f4ng gian salon. <\/p>\n<h3 data-start=\"1133\" data-end=\"1172\">\u0110a n\u0103ng v\u00e0 linh ho\u1ea1t<\/h3>\n<p data-start=\"1174\" data-end=\"1426\">\u0110\u00e2y kh\u00f4ng ch\u1ec9 l\u00e0 t\u1ee7 l\u01b0u tr\u1eef \u2013 m\u1eb7t tr\u00ean c\u00f2n \u0111\u00f3ng vai tr\u00f2 nh\u01b0 khu v\u1ef1c tr\u01b0ng b\u00e0y \u0111\u1ea7y phong c\u00e1ch. B\u1ea1n c\u00f3 th\u1ec3 tr\u01b0ng b\u00e0y c\u00e1c s\u1ea3n ph\u1ea9m nail \u0111\u1eb7c tr\u01b0ng, ph\u1ee5c v\u1ee5 tr\u00e0 cho kh\u00e1ch ho\u1eb7c th\u00eam chi ti\u1ebft trang tr\u00ed \u0111\u1ec3 t\u1ea1o n\u00ean kh\u00f4ng gian \u0111\u00f3n ti\u1ebfp \u1ea5m c\u00fang, tinh t\u1ebf v\u00e0 mang d\u1ea5u \u1ea5n ri\u00eang. <\/p>\n<h3 data-start=\"1428\" data-end=\"1459\">\u0110\u1ed9 b\u1ec1n v\u01b0\u1ee3t tr\u1ed9i<\/h3>\n<p data-start=\"1461\" data-end=\"1745\">\u0110\u01b0\u1ee3c ch\u1ebf t\u00e1c t\u1eeb v\u1eadt li\u1ec7u cao c\u1ea5p v\u1edbi \u0111\u1ed9 ho\u00e0n thi\u1ec7n t\u1ec9 m\u1ec9, Island Cabinet mang l\u1ea1i \u0111\u1ed9 b\u1ec1n v\u01b0\u1ee3t tr\u1ed9i v\u00e0 kh\u1ea3 n\u0103ng ch\u1ecbu l\u1ef1c \u1ea5n t\u01b0\u1ee3ng. K\u1ebft c\u1ea5u ch\u1eafc ch\u1eafn c\u00f9ng b\u1ec1 m\u1eb7t ho\u00e0n thi\u1ec7n tinh t\u1ebf gi\u00fap s\u1ea3n ph\u1ea9m ph\u00f9 h\u1ee3p v\u1edbi c\u00e1c ti\u1ec7m nail c\u00f3 t\u1ea7n su\u1ea5t ho\u1ea1t \u0111\u1ed9ng cao, gi\u1eef kh\u00f4ng gian lu\u00f4n sang tr\u1ecdng v\u00e0 chuy\u00ean nghi\u1ec7p theo th\u1eddi gian. <\/p>\n<div id=\"attachment_19020\" style=\"width: 1034px\" class=\"wp-caption aligncenter\"><img loading=\"lazy\" decoding=\"async\" aria-describedby=\"caption-attachment-19020\" class=\"wp-image-19019 size-large\" src=\"https:\/\/unikplace.com\/wp-content\/uploads\/2025\/06\/island-cabinet-up2-cabinet-5-1024x576.jpg\" alt=\"Island Cabinet UP2 | Cabinet | Unikplace 5\" width=\"1024\" height=\"576\" srcset=\"https:\/\/unikplace.com\/wp-content\/uploads\/2025\/06\/island-cabinet-up2-cabinet-5-1024x576.jpg 1024w, https:\/\/unikplace.com\/wp-content\/uploads\/2025\/06\/island-cabinet-up2-cabinet-5-300x169.jpg 300w, https:\/\/unikplace.com\/wp-content\/uploads\/2025\/06\/island-cabinet-up2-cabinet-5-768x432.jpg 768w, https:\/\/unikplace.com\/wp-content\/uploads\/2025\/06\/island-cabinet-up2-cabinet-5-150x84.jpg 150w, https:\/\/unikplace.com\/wp-content\/uploads\/2025\/06\/island-cabinet-up2-cabinet-5.jpg 1200w\" sizes=\"auto, (max-width: 1024px) 100vw, 1024px\" \/><p id=\"caption-attachment-19020\" class=\"wp-caption-text\">Island Cabinet UP2<\/p><\/div>\n<h2 data-start=\"1752\" data-end=\"1811\">L\u1ee3i \u00edch khi s\u1eed d\u1ee5ng Island Cabinet t\u1eeb UnikPlace<\/h2>\n<ul>\n<li data-start=\"1815\" data-end=\"1897\"><strong data-start=\"1815\" data-end=\"1843\">T\u1ed1i \u01b0u kh\u00f4ng gian l\u00e0m vi\u1ec7c:<\/strong> Gi\u00fap ti\u1ec7m lu\u00f4n g\u1ecdn g\u00e0ng, chuy\u00ean nghi\u1ec7p v\u00e0 ti\u1ec7n d\u1ee5ng<\/li>\n<li data-start=\"1900\" data-end=\"2002\"><strong data-start=\"1900\" data-end=\"1929\">N\u00e2ng t\u1ea7m h\u00ecnh \u1ea3nh th\u01b0\u01a1ng hi\u1ec7u: <\/strong>Kh\u00e1ch h\u00e0ng s\u1ebd \u1ea5n t\u01b0\u1ee3ng v\u1edbi kh\u00f4ng gian \u0111\u01b0\u1ee3c b\u00e0i tr\u00ed tinh t\u1ebf v\u00e0 thi\u1ebft k\u1ebf ch\u1ec9n chu<\/li>\n<li data-start=\"2005\" data-end=\"2109\"><strong data-start=\"2005\" data-end=\"2033\">T\u0103ng hi\u1ec7u su\u1ea5t l\u00e0m vi\u1ec7c: <\/strong>M\u1ecdi v\u1eadt d\u1ee5ng \u0111\u1ec1u trong t\u1ea7m tay, gi\u1ea3m th\u1eddi gian ch\u1edd v\u00e0 n\u00e2ng cao hi\u1ec7u qu\u1ea3 c\u00f4ng vi\u1ec7c<\/li>\n<li data-start=\"2112\" data-end=\"2190\"><strong data-start=\"2112\" data-end=\"2132\">D\u1ec5 b\u1ea3o d\u01b0\u1ee1ng:<\/strong> B\u1ec1 m\u1eb7t nh\u1eb5n m\u1ecbn, ch\u1ed1ng b\u00e1m b\u1ea9n v\u00e0 d\u1ec5 v\u1ec7 sinh h\u1eb1ng ng\u00e0y<\/li>\n<\/ul>\n<h2 data-start=\"2197\" data-end=\"2239\">Ai n\u00ean ch\u1ecdn s\u1ea3n ph\u1ea9m n\u00e0y?<\/h2>\n<ul>\n<li data-start=\"2243\" data-end=\"2335\">Ch\u1ee7 ti\u1ec7m nail mu\u1ed1n n\u00e2ng c\u1ea5p kh\u00f4ng gian v\u00e0 t\u1ea1o \u1ea5n t\u01b0\u1ee3ng l\u00e2u d\u00e0i v\u1edbi kh\u00e1ch h\u00e0ng<\/li>\n<li data-start=\"2338\" data-end=\"2408\">C\u00e1c ti\u1ec7m m\u1edbi khai tr\u01b0\u01a1ng mu\u1ed1n s\u1edf h\u1eefu kh\u00f4ng gian n\u1ed9i th\u1ea5t \u0111\u1ed3ng b\u1ed9 v\u00e0 h\u1ee3p xu h\u01b0\u1edbng<\/li>\n<li data-start=\"2411\" data-end=\"2498\">Ch\u1ee7 doanh nghi\u1ec7p t\u00ecm ki\u1ebfm n\u1ed9i th\u1ea5t \u0111\u1eb9p v\u00e0 ti\u1ec7n d\u1ee5ng \u0111\u1ec3 n\u00e2ng cao hi\u1ec7u qu\u1ea3 v\u1eadn h\u00e0nh<\/li>\n<li data-start=\"2501\" data-end=\"2572\">C\u00e1c ti\u1ec7m c\u00f3 nhi\u1ec1u th\u1ee3 c\u1ea7n kh\u00f4ng gian l\u01b0u tr\u1eef r\u1ed9ng r\u00e3i v\u00e0 d\u1ec5 s\u1eed d\u1ee5ng<\/li>\n<\/ul>\n<h2 data-start=\"2579\" data-end=\"2609\">\u0110\u1eb7t mua ngay t\u1ea1i UnikPlace<\/h2>\n<p data-start=\"2611\" data-end=\"2852\">Island Cabinet l\u00e0 m\u1ed9t trong nh\u1eefng s\u1ea3n ph\u1ea9m b\u00e1n ch\u1ea1y nh\u1ea5t c\u1ee7a UnikPlace \u2013 \u0111\u01a1n v\u1ecb ti\u00ean phong cung c\u1ea5p gi\u1ea3i ph\u00e1p n\u1ed9i th\u1ea5t h\u00e0ng \u0111\u1ea7u cho c\u00e1c ti\u1ec7m nail do ng\u01b0\u1eddi Vi\u1ec7t s\u1edf h\u1eefu t\u1ea1i Hoa K\u1ef3. S\u1ea3n ph\u1ea9m c\u00f3 th\u1ec3 \u0111\u01b0\u1ee3c t\u00f9y ch\u1ec9nh theo y\u00eau c\u1ea7u v\u1ec1 k\u00edch th\u01b0\u1edbc, m\u00e0u s\u1eafc v\u00e0 phong c\u00e1ch \u0111\u1ec3 ph\u00f9 h\u1ee3p ho\u00e0n h\u1ea3o v\u1edbi kh\u00f4ng gian c\u1ee7a b\u1ea1n.<\/p>\n<p data-start=\"2854\" data-end=\"2937\">Li\u00ean h\u1ec7 UnikPlace ngay h\u00f4m nay \u0111\u1ec3 \u0111\u01b0\u1ee3c t\u01b0 v\u1ea5n thi\u1ebft k\u1ebf c\u00e1 nh\u00e2n h\u00f3a v\u00e0 b\u00e1o gi\u00e1 nhanh ch\u00f3ng!<\/p>\n<p data-start=\"2939\" data-end=\"3028\">Th\u00f4ng tin li\u00ean h\u1ec7:<\/p>\n<ul>\n<li data-start=\"4048\" data-end=\"4107\"><strong>\u0110\u1ecba ch\u1ec9: Westminster California 92683 United States<\/strong><\/li>\n<li data-start=\"4110\" data-end=\"4161\"><strong>Website: <a class=\"\" href=\"https:\/\/unikplace.com\/vi\/\" target=\"_new\" rel=\"noopener\" data-start=\"4123\" data-end=\"4159\">unikplace.com<\/a><\/strong><\/li>\n<li data-start=\"4164\" data-end=\"4196\"><strong>Hotline: +1 (909) 566 0899<\/strong><\/li>\n<li data-start=\"4199\" data-end=\"4228\"><strong>Email: <a href=\"mailto:info@unikplace.com\">info@unikplace.com<\/a><\/strong><\/li>\n<\/ul>\n","protected":false},"excerpt":{"rendered":"<article class=\"text-token-text-primary w-full focus:outline-none scroll-mt-[calc(var(--header-height)+min(200px,max(70px,20svh)))]\" dir=\"auto\" data-testid=\"conversation-turn-118\" data-scroll-anchor=\"true\" data-turn=\"assistant\">\n<div class=\"text-base my-auto mx-auto pb-10 [--thread-content-margin:--spacing(4)] @[37rem]:[--thread-content-margin:--spacing(6)] @[72rem]:[--thread-content-margin:--spacing(16)] px-(--thread-content-margin)\">\n<div class=\"[--thread-content-max-width:32rem] @[34rem]:[--thread-content-max-width:40rem] @[64rem]:[--thread-content-max-width:48rem] mx-auto max-w-(--thread-content-max-width) flex-1 group\/turn-messages focus-visible:outline-hidden relative flex w-full min-w-0 flex-col agent-turn\">\n<div class=\"flex max-w-full flex-col grow\">\n<div class=\"min-h-8 text-message relative flex w-full flex-col items-end gap-2 text-start break-words whitespace-normal [.text-message+&amp;]:mt-5\" dir=\"auto\" data-message-author-role=\"assistant\" data-message-id=\"bd6ff889-c198-433c-a95e-6eb77384ecc1\" data-message-model-slug=\"gpt-4o\">\n<div class=\"flex w-full flex-col gap-1 empty:hidden first:pt-[3px]\">\n<div class=\"markdown prose dark:prose-invert w-full break-words light\">\n<p data-start=\"0\" data-end=\"172\" data-is-last-node=\"\" data-is-only-node=\"\">Island Cabinet l\u00e0 gi\u1ea3i ph\u00e1p l\u01b0u tr\u1eef th\u00f4ng minh v\u1edbi thi\u1ebft k\u1ebf sang tr\u1ecdng, d\u1ec5 d\u00e0ng h\u00f2a h\u1ee3p v\u1edbi m\u1ecdi phong c\u00e1ch ti\u1ec7m nail, gi\u00fap t\u1ed1i \u01b0u kh\u00f4ng gian v\u00e0 n\u00e2ng cao tr\u1ea3i nghi\u1ec7m kh\u00e1ch h\u00e0ng.<\/p>\n<\/div>\n<\/div>\n<\/div>\n<\/div>\n<\/div>\n<\/div>\n<\/article>\n","protected":false},"featured_media":15675,"comment_status":"closed","ping_status":"closed","template":"","meta":{"_acf_changed":false,"content-type":""},"product_brand":[],"product_cat":[235,236],"product_tag":[],"class_list":{"0":"post-10362","1":"product","2":"type-product","3":"status-publish","4":"has-post-thumbnail","6":"product_cat-noi-that","7":"product_cat-tu","9":"first","10":"instock","11":"taxable","12":"shipping-taxable","13":"product-type-simple"},"acf":[],"_links":{"self":[{"href":"https:\/\/unikplace.com\/vi\/wp-json\/wp\/v2\/product\/10362","targetHints":{"allow":["GET"]}}],"collection":[{"href":"https:\/\/unikplace.com\/vi\/wp-json\/wp\/v2\/product"}],"about":[{"href":"https:\/\/unikplace.com\/vi\/wp-json\/wp\/v2\/types\/product"}],"replies":[{"embeddable":true,"href":"https:\/\/unikplace.com\/vi\/wp-json\/wp\/v2\/comments?post=10362"}],"wp:featuredmedia":[{"embeddable":true,"href":"https:\/\/unikplace.com\/vi\/wp-json\/wp\/v2\/media\/15675"}],"wp:attachment":[{"href":"https:\/\/unikplace.com\/vi\/wp-json\/wp\/v2\/media?parent=10362"}],"wp:term":[{"taxonomy":"product_brand","embeddable":true,"href":"https:\/\/unikplace.com\/vi\/wp-json\/wp\/v2\/product_brand?post=10362"},{"taxonomy":"product_cat","embeddable":true,"href":"https:\/\/unikplace.com\/vi\/wp-json\/wp\/v2\/product_cat?post=10362"},{"taxonomy":"product_tag","embeddable":true,"href":"https:\/\/unikplace.com\/vi\/wp-json\/wp\/v2\/product_tag?post=10362"}],"curies":[{"name":"wp","href":"https:\/\/api.w.org\/{rel}","templated":true}]}}