{"id":10472,"date":"2025-07-14T09:40:30","date_gmt":"2025-07-14T09:40:30","guid":{"rendered":"https:\/\/unikplace.us\/uncategorized\/ban-lam-mong-bo-suu-tap-clover\/"},"modified":"2025-10-21T03:43:17","modified_gmt":"2025-10-21T03:43:17","slug":"ban-lam-mong-bo-suu-tap-clover","status":"publish","type":"product","link":"https:\/\/unikplace.com\/vi\/bo-suu-tap\/bo-suu-tap-clover-vi\/ban-lam-mong-bo-suu-tap-clover\/","title":{"rendered":"B\u00e0n Manicure | B\u1ed9 s\u01b0u t\u1eadp CLOVER"},"content":{"rendered":"<p data-start=\"113\" data-end=\"392\">B\u00e0n Manicure kh\u00f4ng ch\u1ec9 l\u00e0 khu v\u1ef1c l\u00e0m vi\u1ec7c c\u1ee7a th\u1ee3, m\u00e0 c\u00f2n l\u00e0 n\u01a1i kh\u00e1ch h\u00e0ng c\u1ea3m nh\u1eadn tr\u1ef1c ti\u1ebfp s\u1ef1 chuy\u00ean nghi\u1ec7p c\u1ee7a ti\u1ec7m. M\u1ed9t chi\u1ebfc b\u00e0n \u0111\u01b0\u1ee3c thi\u1ebft k\u1ebf tinh t\u1ebf, b\u1ed1 tr\u00ed khoa h\u1ecdc v\u00e0 th\u1ea9m m\u1ef9 cao s\u1ebd n\u00e2ng t\u1ea7m tr\u1ea3i nghi\u1ec7m d\u1ecbch v\u1ee5 t\u1ed5ng th\u1ec3, mang l\u1ea1i s\u1ef1 tho\u1ea3i m\u00e1i cho c\u1ea3 kh\u00e1ch h\u00e0ng l\u1eabn nh\u00e2n vi\u00ean. <\/p>\n<p data-start=\"394\" data-end=\"613\">UnikPlace gi\u1edbi thi\u1ec7u B\u00e0n Manicure | B\u1ed9 S\u01b0u T\u1eadp CLOVER \u2013 gi\u1ea3i ph\u00e1p ho\u00e0n h\u1ea3o cho c\u00e1c ti\u1ec7m nail hi\u1ec7n \u0111\u1ea1i t\u1ea1i Hoa K\u1ef3, v\u1edbi thi\u1ebft k\u1ebf nh\u1ecf g\u1ecdn, thanh l\u1ecbch, b\u1ec1n b\u1ec9 v\u00e0 d\u1ec5 d\u00e0ng h\u00f2a h\u1ee3p v\u1edbi nhi\u1ec1u phong c\u00e1ch n\u1ed9i th\u1ea5t kh\u00e1c nhau.<\/p>\n<div id=\"attachment_19086\" style=\"width: 1034px\" class=\"wp-caption aligncenter\"><img loading=\"lazy\" decoding=\"async\" aria-describedby=\"caption-attachment-19086\" class=\"wp-image-19085 size-large\" src=\"https:\/\/unikplace.com\/wp-content\/uploads\/2025\/07\/manicure-table-clover-collection-white-1-station-unikplace-04-1024x576.jpg\" alt=\"B\u00e0n Manicure | B\u1ed9 s\u01b0u t\u1eadp CLOVER | Tr\u1eafng | 1 Station | UnikPlace 04\" width=\"1024\" height=\"576\" srcset=\"https:\/\/unikplace.com\/wp-content\/uploads\/2025\/07\/manicure-table-clover-collection-white-1-station-unikplace-04-1024x576.jpg 1024w, https:\/\/unikplace.com\/wp-content\/uploads\/2025\/07\/manicure-table-clover-collection-white-1-station-unikplace-04-300x169.jpg 300w, https:\/\/unikplace.com\/wp-content\/uploads\/2025\/07\/manicure-table-clover-collection-white-1-station-unikplace-04-768x432.jpg 768w, https:\/\/unikplace.com\/wp-content\/uploads\/2025\/07\/manicure-table-clover-collection-white-1-station-unikplace-04-150x84.jpg 150w, https:\/\/unikplace.com\/wp-content\/uploads\/2025\/07\/manicure-table-clover-collection-white-1-station-unikplace-04.jpg 1200w\" sizes=\"auto, (max-width: 1024px) 100vw, 1024px\" \/><p id=\"caption-attachment-19086\" class=\"wp-caption-text\">B\u00e0n Manicure Tr\u1eafng &#8211; B\u1ed9 s\u01b0u t\u1eadp CLOVER<\/p><\/div>\n<h2 data-start=\"620\" data-end=\"643\">Chi ti\u1ebft s\u1ea3n ph\u1ea9m<\/h2>\n<ul>\n<li data-start=\"647\" data-end=\"701\"><strong data-start=\"647\" data-end=\"664\">T\u00ean s\u1ea3n ph\u1ea9m:<\/strong> B\u00e0n Manicure | B\u1ed9 s\u01b0u t\u1eadp CLOVER<\/li>\n<li data-start=\"704\" data-end=\"726\"><strong data-start=\"704\" data-end=\"714\">Th\u01b0\u01a1ng hi\u1ec7u:<\/strong> UnikPlace<\/li>\n<li data-start=\"729\" data-end=\"777\"><strong data-start=\"729\" data-end=\"752\">T\u00f9y ch\u1ecdn s\u1ed1 l\u01b0\u1ee3ng c\u1ee5m: <\/strong>1 c\u1ee5m \/ 4 c\u1ee5m<\/li>\n<li data-start=\"780\" data-end=\"879\"><strong data-start=\"780\" data-end=\"794\">Ch\u1ea5t Li\u1ec7u:<\/strong> G\u1ed7 MDF s\u01a1n tr\u1eafng m\u1ecbn, m\u1eb7t b\u00e0n \u0111\u00e1 nh\u00e2n t\u1ea1o m\u00e0u \u0111en, \u0111i\u1ec3m nh\u1ea5n kim lo\u1ea1i tinh t\u1ebf<\/li>\n<li data-start=\"882\" data-end=\"963\"><strong data-start=\"882\" data-end=\"893\">Thi\u1ebft K\u1ebf:<\/strong> Ki\u1ec3u d\u00e1ng hi\u1ec7n \u0111\u1ea1i v\u1edbi \u0111\u01b0\u1eddng n\u00e9t tinh g\u1ecdn, ng\u0103n k\u00e9o v\u00e0 t\u1ee7 ch\u1ee9a \u0111\u1ed3 \u1ea9n mang l\u1ea1i s\u1ef1 g\u1ecdn g\u00e0ng v\u00e0 th\u1ea9m m\u1ef9 cao.<\/li>\n<li data-start=\"966\" data-end=\"1059\"><strong data-start=\"966\" data-end=\"992\">T\u00f9y Ch\u1ec9nh Theo Y\u00eau C\u1ea7u: <\/strong>C\u00f3 th\u1ec3 \u0111i\u1ec1u ch\u1ec9nh k\u00edch th\u01b0\u1edbc, m\u00e0u s\u1eafc v\u00e0 v\u1ecb tr\u00ed ng\u0103n k\u00e9o theo nhu c\u1ea7u s\u1eed d\u1ee5ng.<\/li>\n<\/ul>\n<div id=\"attachment_19088\" style=\"width: 1034px\" class=\"wp-caption aligncenter\"><img loading=\"lazy\" decoding=\"async\" aria-describedby=\"caption-attachment-19088\" class=\"wp-image-19087 size-large\" src=\"https:\/\/unikplace.com\/wp-content\/uploads\/2025\/07\/manicure-table-clover-collection-white-1-station-unikplace-05-1024x576.jpg\" alt=\"B\u00e0n Manicure | B\u1ed9 s\u01b0u t\u1eadp CLOVER | Tr\u1eafng | 1 Station | UnikPlace 05\" width=\"1024\" height=\"576\" srcset=\"https:\/\/unikplace.com\/wp-content\/uploads\/2025\/07\/manicure-table-clover-collection-white-1-station-unikplace-05-1024x576.jpg 1024w, https:\/\/unikplace.com\/wp-content\/uploads\/2025\/07\/manicure-table-clover-collection-white-1-station-unikplace-05-300x169.jpg 300w, https:\/\/unikplace.com\/wp-content\/uploads\/2025\/07\/manicure-table-clover-collection-white-1-station-unikplace-05-768x432.jpg 768w, https:\/\/unikplace.com\/wp-content\/uploads\/2025\/07\/manicure-table-clover-collection-white-1-station-unikplace-05-150x84.jpg 150w, https:\/\/unikplace.com\/wp-content\/uploads\/2025\/07\/manicure-table-clover-collection-white-1-station-unikplace-05.jpg 1200w\" sizes=\"auto, (max-width: 1024px) 100vw, 1024px\" \/><p id=\"caption-attachment-19088\" class=\"wp-caption-text\">B\u00e0n Manicure Tr\u1eafng &#8211; B\u1ed9 s\u01b0u t\u1eadp CLOVER<\/p><\/div>\n<h2 data-start=\"1066\" data-end=\"1102\">\u0110\u1eb7c \u0110i\u1ec3m &amp; T\u00ednh N\u0103ng N\u1ed5i B\u1eadt<\/h2>\n<ul>\n<li data-start=\"1106\" data-end=\"1209\">B\u1ec1 M\u1eb7t Thanh L\u1ecbch, D\u1ec5 V\u1ec7 Sinh: Ch\u1ed1ng th\u1ea5m n\u01b0\u1edbc v\u00e0 kh\u00f4ng b\u00e1m b\u1ea9n, l\u00fd t\u01b0\u1edfng cho qu\u00e1 tr\u00ecnh s\u1eed d\u1ee5ng h\u00f3a ch\u1ea5t v\u00e0 b\u1ed9t l\u00e0m nail.<\/li>\n<li data-start=\"1212\" data-end=\"1302\">H\u1ec7 Th\u1ed1ng L\u01b0u Tr\u1eef Th\u00f4ng Minh: T\u1ee7 b\u00ean h\u00f4ng v\u1edbi ng\u0103n k\u00e9o \u1ea9n gi\u00fap s\u1eafp x\u1ebfp d\u1ee5ng c\u1ee5 g\u1ecdn g\u00e0ng v\u00e0 ti\u1ec7n l\u1ee3i.<\/li>\n<li data-start=\"1305\" data-end=\"1389\">B\u1ed1 C\u1ee5c Ti\u1ebft Ki\u1ec7m Di\u1ec7n T\u00edch, C\u00f4ng Th\u00e1i H\u1ecdc: L\u00fd t\u01b0\u1edfng cho c\u00e1c ti\u1ec7m c\u00f3 kh\u00f4ng gian nh\u1ecf ho\u1eb7c c\u1ea7n t\u1ed1i \u01b0u h\u00f3a khu v\u1ef1c l\u00e0m vi\u1ec7c.<\/li>\n<li data-start=\"1392\" data-end=\"1515\">\u0110i\u1ec3m Nh\u1ea5n Kim Lo\u1ea1i \u1ea4n T\u01b0\u1ee3ng: Chi ti\u1ebft vi\u1ec1n m\u00e0u v\u00e0ng sang tr\u1ecdng t\u1ea1o v\u1ebb tinh t\u1ebf v\u00e0 h\u00e0i h\u00f2a ho\u00e0n h\u1ea3o v\u1edbi c\u00e1c s\u1ea3n ph\u1ea9m kh\u00e1c trong b\u1ed9 s\u01b0u t\u1eadp.<\/li>\n<\/ul>\n<div id=\"attachment_19090\" style=\"width: 1034px\" class=\"wp-caption aligncenter\"><img loading=\"lazy\" decoding=\"async\" aria-describedby=\"caption-attachment-19090\" class=\"wp-image-19089 size-large\" src=\"https:\/\/unikplace.com\/wp-content\/uploads\/2025\/07\/manicure-table-clover-collection-white-1-station-unikplace-06-1024x576.jpg\" alt=\"B\u00e0n Manicure | B\u1ed9 s\u01b0u t\u1eadp CLOVER | Tr\u1eafng | 1 Station | UnikPlace 06\" width=\"1024\" height=\"576\" srcset=\"https:\/\/unikplace.com\/wp-content\/uploads\/2025\/07\/manicure-table-clover-collection-white-1-station-unikplace-06-1024x576.jpg 1024w, https:\/\/unikplace.com\/wp-content\/uploads\/2025\/07\/manicure-table-clover-collection-white-1-station-unikplace-06-300x169.jpg 300w, https:\/\/unikplace.com\/wp-content\/uploads\/2025\/07\/manicure-table-clover-collection-white-1-station-unikplace-06-768x432.jpg 768w, https:\/\/unikplace.com\/wp-content\/uploads\/2025\/07\/manicure-table-clover-collection-white-1-station-unikplace-06-150x84.jpg 150w, https:\/\/unikplace.com\/wp-content\/uploads\/2025\/07\/manicure-table-clover-collection-white-1-station-unikplace-06.jpg 1200w\" sizes=\"auto, (max-width: 1024px) 100vw, 1024px\" \/><p id=\"caption-attachment-19090\" class=\"wp-caption-text\">B\u00e0n Manicure Tr\u1eafng &#8211; B\u1ed9 s\u01b0u t\u1eadp CLOVER<\/p><\/div>\n<h2 data-start=\"1522\" data-end=\"1547\">\u0110i\u1ec3m Nh\u1ea5n Thi\u1ebft K\u1ebf<\/h2>\n<p data-start=\"1549\" data-end=\"1776\">B\u00e0n Manicure thu\u1ed9c B\u1ed9 S\u01b0u T\u1eadp CLOVER c\u1ee7a UnikPlace g\u00e2y \u1ea5n t\u01b0\u1ee3ng v\u1edbi thi\u1ebft k\u1ebf t\u1ed1i gi\u1ea3n nh\u01b0ng tinh t\u1ebf. H\u1ecda ti\u1ebft ch\u1eef V thanh m\u1ea3nh k\u1ebft h\u1ee3p c\u00f9ng vi\u1ec1n kim lo\u1ea1i m\u00e0u v\u00e0ng tr\u00ean n\u1ec1n tr\u1eafng tinh kh\u00f4i mang \u0111\u1ebfn v\u1ebb sang tr\u1ecdng hi\u1ec7n \u0111\u1ea1i, t\u1ea1o \u0111i\u1ec3m nh\u1ea5n nh\u1eb9 nh\u00e0ng m\u00e0 kh\u00f4ng l\u00e0m r\u1ed1i kh\u00f4ng gian. <\/p>\n<p data-start=\"1778\" data-end=\"2019\">B\u1ec1 m\u1eb7t \u0111\u00e1 \u0111en b\u00f3ng kh\u00f4ng ch\u1ec9 mang l\u1ea1i \u0111\u1ed9 b\u1ec1n v\u01b0\u1ee3t tr\u1ed9i m\u00e0 c\u00f2n t\u0103ng t\u00ednh th\u1ea9m m\u1ef9 cho t\u1ed5ng th\u1ec3 b\u00e0n, g\u00f3p ph\u1ea7n n\u00e2ng cao h\u00ecnh \u1ea3nh chuy\u00ean nghi\u1ec7p c\u1ee7a ti\u1ec7m nail. K\u1ebft c\u1ea5u vu\u00f4ng v\u1ee9c, nh\u1ecf g\u1ecdn gi\u00fap d\u1ec5 d\u00e0ng b\u1ed1 tr\u00ed linh ho\u1ea1t trong nhi\u1ec1u ki\u1ec3u s\u1eafp x\u1ebfp kh\u00f4ng gian kh\u00e1c nhau. <\/p>\n<div id=\"attachment_19080\" style=\"width: 1034px\" class=\"wp-caption aligncenter\"><img loading=\"lazy\" decoding=\"async\" aria-describedby=\"caption-attachment-19080\" class=\"wp-image-19079 size-large\" src=\"https:\/\/unikplace.com\/wp-content\/uploads\/2025\/07\/manicure-table-clover-collection-black-1-station-unikplace-3-1024x576.jpg\" alt=\"B\u00e0n Manicure | B\u1ed9 s\u01b0u t\u1eadp CLOVER | \u0110en | 1 Station | UnikPlace 3\" width=\"1024\" height=\"576\" srcset=\"https:\/\/unikplace.com\/wp-content\/uploads\/2025\/07\/manicure-table-clover-collection-black-1-station-unikplace-3-1024x576.jpg 1024w, https:\/\/unikplace.com\/wp-content\/uploads\/2025\/07\/manicure-table-clover-collection-black-1-station-unikplace-3-300x169.jpg 300w, https:\/\/unikplace.com\/wp-content\/uploads\/2025\/07\/manicure-table-clover-collection-black-1-station-unikplace-3-768x432.jpg 768w, https:\/\/unikplace.com\/wp-content\/uploads\/2025\/07\/manicure-table-clover-collection-black-1-station-unikplace-3-150x84.jpg 150w, https:\/\/unikplace.com\/wp-content\/uploads\/2025\/07\/manicure-table-clover-collection-black-1-station-unikplace-3.jpg 1200w\" sizes=\"auto, (max-width: 1024px) 100vw, 1024px\" \/><p id=\"caption-attachment-19080\" class=\"wp-caption-text\">B\u00e0n Manicure \u0110en &#8211; B\u1ed9 s\u01b0u t\u1eadp CLOVER<\/p><\/div>\n<h2 data-start=\"2026\" data-end=\"2088\">L\u1ee3i \u00cdch Khi S\u1eed D\u1ee5ng B\u00e0n Manicure Thu\u1ed9c B\u1ed9 S\u01b0u T\u1eadp CLOVER<\/h2>\n<p data-start=\"2090\" data-end=\"2131\">M\u1ed9t chi\u1ebfc B\u00e0n Manicure \u0111\u01b0\u1ee3c thi\u1ebft k\u1ebf t\u1ed1t s\u1ebd gi\u00fap b\u1ea1n:<\/p>\n<ul>\n<li data-start=\"2135\" data-end=\"2257\">T\u0103ng S\u1ef1 H\u00e0i L\u00f2ng C\u1ee7a Kh\u00e1ch H\u00e0ng: Kh\u00e1ch c\u1ea3m th\u1ea5y tho\u1ea3i m\u00e1i v\u00e0 \u0111\u01b0\u1ee3c ch\u0103m s\u00f3c chu \u0111\u00e1o h\u01a1n trong kh\u00f4ng gian s\u1ea1ch s\u1ebd, s\u1eafp x\u1ebfp chuy\u00ean nghi\u1ec7p.<\/li>\n<li data-start=\"2260\" data-end=\"2359\">C\u1ea3i Thi\u1ec7n Quy Tr\u00ecnh L\u00e0m Vi\u1ec7c C\u1ee7a Th\u1ee3: B\u1ed1 c\u1ee5c th\u00f4ng minh gi\u00fap d\u1ec5 d\u00e0ng l\u1ea5y d\u1ee5ng c\u1ee5, gi\u1ea3m th\u1eddi gian ch\u1edd \u0111\u1ee3i v\u00e0 t\u0103ng hi\u1ec7u su\u1ea5t l\u00e0m vi\u1ec7c.<\/li>\n<li data-start=\"2362\" data-end=\"2470\">T\u1ea1o Kh\u00f4ng Gian Chuy\u00ean Nghi\u1ec7p v\u00e0 G\u1ecdn G\u00e0ng H\u01a1n: Thi\u1ebft k\u1ebf b\u00e0n tinh t\u1ebf gi\u00fap n\u00e2ng t\u1ea7m th\u1ea9m m\u1ef9 t\u1ed5ng th\u1ec3 cho kh\u00f4ng gian ti\u1ec7m nail.<\/li>\n<li data-start=\"2473\" data-end=\"2601\">X\u00e2y D\u1ef1ng Ni\u1ec1m Tin v\u00e0 S\u1ef1 Trung Th\u00e0nh C\u1ee7a Kh\u00e1ch H\u00e0ng: Vi\u1ec7c \u0111\u1ea7u t\u01b0 v\u00e0o n\u1ed9i th\u1ea5t ch\u1ea5t l\u01b0\u1ee3ng th\u1ec3 hi\u1ec7n s\u1ef1 chuy\u00ean nghi\u1ec7p v\u00e0 uy t\u00edn, gi\u00fap kh\u00e1ch h\u00e0ng y\u00ean t\u00e2m v\u00e0 quay l\u1ea1i th\u01b0\u1eddng xuy\u00ean h\u01a1n.<\/li>\n<\/ul>\n<div id=\"attachment_19092\" style=\"width: 1034px\" class=\"wp-caption aligncenter\"><img loading=\"lazy\" decoding=\"async\" aria-describedby=\"caption-attachment-19092\" class=\"wp-image-19091 size-large\" src=\"https:\/\/unikplace.com\/wp-content\/uploads\/2025\/07\/manicure-table-clover-collection-black-1-station-unikplace-04-1024x576.jpg\" alt=\"B\u00e0n Manicure | B\u1ed9 s\u01b0u t\u1eadp CLOVER | \u0110en | 1 Station | UnikPlace 04\" width=\"1024\" height=\"576\" srcset=\"https:\/\/unikplace.com\/wp-content\/uploads\/2025\/07\/manicure-table-clover-collection-black-1-station-unikplace-04-1024x576.jpg 1024w, https:\/\/unikplace.com\/wp-content\/uploads\/2025\/07\/manicure-table-clover-collection-black-1-station-unikplace-04-300x169.jpg 300w, https:\/\/unikplace.com\/wp-content\/uploads\/2025\/07\/manicure-table-clover-collection-black-1-station-unikplace-04-768x432.jpg 768w, https:\/\/unikplace.com\/wp-content\/uploads\/2025\/07\/manicure-table-clover-collection-black-1-station-unikplace-04-150x84.jpg 150w, https:\/\/unikplace.com\/wp-content\/uploads\/2025\/07\/manicure-table-clover-collection-black-1-station-unikplace-04.jpg 1200w\" sizes=\"auto, (max-width: 1024px) 100vw, 1024px\" \/><p id=\"caption-attachment-19092\" class=\"wp-caption-text\">B\u00e0n Manicure \u0110en &#8211; B\u1ed9 s\u01b0u t\u1eadp CLOVER<\/p><\/div>\n<h2 data-start=\"2608\" data-end=\"2650\">Ai n\u00ean ch\u1ecdn s\u1ea3n ph\u1ea9m n\u00e0y?<\/h2>\n<ul>\n<li data-start=\"2654\" data-end=\"2753\">Ch\u1ee7 ti\u1ec7m \u0111ang m\u1edf ti\u1ec7m m\u1edbi, t\u00ecm ki\u1ebfm b\u00e0n manicure c\u00f3 thi\u1ebft k\u1ebf \u0111\u1eb9p, ti\u1ec7n d\u1ee5ng v\u00e0 \u0111\u1ed3ng b\u1ed9 v\u1edbi kh\u00f4ng gian t\u1ed5ng th\u1ec3.<\/li>\n<li data-start=\"2756\" data-end=\"2828\">C\u00e1c ti\u1ec7m \u0111ang thay th\u1ebf b\u00e0n c\u0169 thi\u1ebfu kh\u00f4ng gian l\u01b0u tr\u1eef ho\u1eb7c kh\u00f4ng c\u00f2n ph\u00f9 h\u1ee3p v\u1ec1 m\u1eb7t th\u1ea9m m\u1ef9.<\/li>\n<li data-start=\"2831\" data-end=\"2898\">Ch\u1ee7 ti\u1ec7m c\u00f3 kh\u00f4ng gian nh\u1ecf, c\u1ea7n n\u1ed9i th\u1ea5t v\u1eeba ti\u1ec7n d\u1ee5ng v\u1eeba tinh t\u1ebf \u0111\u1ec3 t\u1ed1i \u01b0u di\u1ec7n t\u00edch m\u00e0 v\u1eabn gi\u1eef \u0111\u01b0\u1ee3c t\u00ednh th\u1ea9m m\u1ef9.<\/li>\n<li data-start=\"2901\" data-end=\"2995\">Ch\u1ee7 c\u00e1c beauty bar ho\u1eb7c salon l\u00e0m \u0111\u1eb9p mu\u1ed1n b\u1ed5 sung khu v\u1ef1c nail v\u1edbi thi\u1ebft k\u1ebf tinh t\u1ebf nh\u01b0ng v\u1eabn t\u1ea1o d\u1ea5u \u1ea5n ri\u00eang bi\u1ec7t.<\/li>\n<\/ul>\n<div id=\"attachment_19094\" style=\"width: 1034px\" class=\"wp-caption aligncenter\"><img loading=\"lazy\" decoding=\"async\" aria-describedby=\"caption-attachment-19094\" class=\"wp-image-19093 size-large\" src=\"https:\/\/unikplace.com\/wp-content\/uploads\/2025\/07\/manicure-table-clover-collection-black-1-station-unikplace-05-1024x576.jpg\" alt=\"B\u00e0n Manicure | B\u1ed9 s\u01b0u t\u1eadp CLOVER | \u0110en | 1 Station | UnikPlace 05\" width=\"1024\" height=\"576\" srcset=\"https:\/\/unikplace.com\/wp-content\/uploads\/2025\/07\/manicure-table-clover-collection-black-1-station-unikplace-05-1024x576.jpg 1024w, https:\/\/unikplace.com\/wp-content\/uploads\/2025\/07\/manicure-table-clover-collection-black-1-station-unikplace-05-300x169.jpg 300w, https:\/\/unikplace.com\/wp-content\/uploads\/2025\/07\/manicure-table-clover-collection-black-1-station-unikplace-05-768x432.jpg 768w, https:\/\/unikplace.com\/wp-content\/uploads\/2025\/07\/manicure-table-clover-collection-black-1-station-unikplace-05-150x84.jpg 150w, https:\/\/unikplace.com\/wp-content\/uploads\/2025\/07\/manicure-table-clover-collection-black-1-station-unikplace-05.jpg 1200w\" sizes=\"auto, (max-width: 1024px) 100vw, 1024px\" \/><p id=\"caption-attachment-19094\" class=\"wp-caption-text\">B\u00e0n Manicure \u0110en &#8211; B\u1ed9 s\u01b0u t\u1eadp CLOVER<\/p><\/div>\n<h2 data-start=\"3002\" data-end=\"3064\">Mua T\u1ea1i UnikPlace \u2013 N\u00e2ng T\u1ea7m Tr\u1ea3i Nghi\u1ec7m, T\u0103ng Hi\u1ec7u Qu\u1ea3 Doanh Thu<\/h2>\n<p data-start=\"3066\" data-end=\"3384\">T\u1ea1i UnikPlace, ch\u00fang t\u00f4i cam k\u1ebft mang \u0111\u1ebfn n\u1ed9i th\u1ea5t ti\u1ec7m nail ti\u1ec7n d\u1ee5ng, th\u1ea9m m\u1ef9 v\u00e0 b\u1ec1n b\u1ec9 nh\u1ea5t, \u0111\u01b0\u1ee3c thi\u1ebft k\u1ebf ri\u00eang cho c\u1ed9ng \u0111\u1ed3ng ng\u01b0\u1eddi Vi\u1ec7t t\u1ea1i Hoa K\u1ef3.<br \/>B\u00e0n Manicure | B\u1ed9 S\u01b0u T\u1eadp CLOVER c\u00f3 th\u1ec3 t\u00f9y ch\u1ec9nh ho\u00e0n to\u00e0n theo kh\u00f4ng gian c\u1ee7a b\u1ea1n, \u0111i k\u00e8m d\u1ecbch v\u1ee5 t\u01b0 v\u1ea5n b\u1ed1 tr\u00ed mi\u1ec5n ph\u00ed v\u00e0 giao h\u00e0ng to\u00e0n qu\u1ed1c. <\/p>\n<p data-start=\"3386\" data-end=\"3636\">Li\u00ean h\u1ec7 v\u1edbi UnikPlace ngay h\u00f4m nay \u0111\u1ec3 nh\u1eadn b\u00e1o gi\u00e1 nhanh, y\u00eau c\u1ea7u thi\u1ebft k\u1ebf ri\u00eang, ho\u1eb7c ch\u1ecdn m\u1eabu t\u1eeb b\u1ed9 s\u01b0u t\u1eadp hi\u1ec7n c\u00f3.<br \/>\u0110\u1ea7u t\u01b0 v\u00e0o n\u1ed9i th\u1ea5t ph\u00f9 h\u1ee3p ch\u00ednh l\u00e0 t\u1ea1o d\u1ef1ng m\u00f4i tr\u01b0\u1eddng l\u00e0m vi\u1ec7c t\u1ed1t h\u01a1n, gi\u1eef ch\u00e2n kh\u00e1ch h\u00e0ng trung th\u00e0nh v\u00e0 x\u00e2y d\u1ef1ng m\u1ed9t ti\u1ec7m nail sinh l\u1ee3i b\u1ec1n v\u1eefng. <\/p>\n<p data-start=\"3643\" data-end=\"3745\">Th\u00f4ng Tin Li\u00ean H\u1ec7 \u2013 H\u1ed7 Tr\u1ee3 &amp; T\u01b0 V\u1ea5n Nhanh Ch\u00f3ng:<\/p>\n<ul>\n<li data-start=\"4048\" data-end=\"4107\"><strong>\u0110\u1ecba ch\u1ec9: Westminster California 92683 United States<\/strong><\/li>\n<li data-start=\"4110\" data-end=\"4161\"><strong>Website:<a class=\"\" href=\"https:\/\/unikplace.com\/vi\/\" target=\"_new\" rel=\"noopener\" data-start=\"4123\" data-end=\"4159\"> unikplace.com<\/a><\/strong><\/li>\n<li data-start=\"4164\" data-end=\"4196\"><strong>Hotline: +1 (909) 566 0899<\/strong><\/li>\n<li data-start=\"4199\" data-end=\"4228\"><strong>Email: <a href=\"mailto:info@unikplace.com\">info@unikplace.com<\/a><\/strong><\/li>\n<\/ul>\n","protected":false},"excerpt":{"rendered":"<p>B\u00e0n Manicure | B\u1ed9 S\u01b0u T\u1eadp CLOVER s\u1edf h\u1eefu thi\u1ebft k\u1ebf t\u1ed1i gi\u1ea3n nh\u01b0ng tinh t\u1ebf, d\u1ec5 d\u00e0ng h\u00f2a h\u1ee3p v\u1edbi nhi\u1ec1u phong c\u00e1ch n\u1ed9i th\u1ea5t kh\u00e1c nhau. S\u1ea3n ph\u1ea9m \u0111\u01b0\u1ee3c trang b\u1ecb t\u1ee7 l\u01b0u tr\u1eef ti\u1ec7n l\u1ee3i t\u00edch h\u1ee3p b\u00ean trong c\u00f9ng m\u1eb7t b\u00e0n \u0111\u00e1 \u0111en sang tr\u1ecdng, ch\u1ed1ng th\u1ea5m n\u01b0\u1edbc v\u00e0 b\u1ec1n b\u1ec9 theo th\u1eddi gian \u2013 mang \u0111\u1ebfn s\u1ef1 k\u1ebft h\u1ee3p ho\u00e0n h\u1ea3o gi\u1eefa t\u00ednh th\u1ea9m m\u1ef9 v\u00e0 c\u00f4ng n\u0103ng s\u1eed d\u1ee5ng. <\/p>\n","protected":false},"featured_media":15607,"comment_status":"closed","ping_status":"closed","template":"","meta":{"_acf_changed":false,"content-type":""},"product_brand":[],"product_cat":[234,485,399,398],"product_tag":[],"class_list":{"0":"post-10472","1":"product","2":"type-product","3":"status-publish","4":"has-post-thumbnail","6":"product_cat-bo-suu-tap","7":"product_cat-bo-suu-tap-clover-vi","8":"product_cat-cham-soc-mong-tay","9":"product_cat-san-pham-nganh-nail","11":"first","12":"instock","13":"taxable","14":"shipping-taxable","15":"product-type-variable"},"acf":[],"_links":{"self":[{"href":"https:\/\/unikplace.com\/vi\/wp-json\/wp\/v2\/product\/10472","targetHints":{"allow":["GET"]}}],"collection":[{"href":"https:\/\/unikplace.com\/vi\/wp-json\/wp\/v2\/product"}],"about":[{"href":"https:\/\/unikplace.com\/vi\/wp-json\/wp\/v2\/types\/product"}],"replies":[{"embeddable":true,"href":"https:\/\/unikplace.com\/vi\/wp-json\/wp\/v2\/comments?post=10472"}],"wp:featuredmedia":[{"embeddable":true,"href":"https:\/\/unikplace.com\/vi\/wp-json\/wp\/v2\/media\/15607"}],"wp:attachment":[{"href":"https:\/\/unikplace.com\/vi\/wp-json\/wp\/v2\/media?parent=10472"}],"wp:term":[{"taxonomy":"product_brand","embeddable":true,"href":"https:\/\/unikplace.com\/vi\/wp-json\/wp\/v2\/product_brand?post=10472"},{"taxonomy":"product_cat","embeddable":true,"href":"https:\/\/unikplace.com\/vi\/wp-json\/wp\/v2\/product_cat?post=10472"},{"taxonomy":"product_tag","embeddable":true,"href":"https:\/\/unikplace.com\/vi\/wp-json\/wp\/v2\/product_tag?post=10472"}],"curies":[{"name":"wp","href":"https:\/\/api.w.org\/{rel}","templated":true}]}}