{"id":10477,"date":"2025-07-14T09:39:59","date_gmt":"2025-07-14T09:39:59","guid":{"rendered":"https:\/\/unikplace.us\/uncategorized\/tu-dao-bo-suu-tap-cate\/"},"modified":"2025-10-15T04:47:45","modified_gmt":"2025-10-15T04:47:45","slug":"tu-dao-bo-suu-tap-cate","status":"publish","type":"product","link":"https:\/\/unikplace.com\/vi\/bo-suu-tap\/bo-suu-tap-cate-vi\/tu-dao-bo-suu-tap-cate\/","title":{"rendered":"Island Cabinet | B\u1ed9 s\u01b0u t\u1eadp CATE"},"content":{"rendered":"<p data-start=\"90\" data-end=\"397\">Trong m\u1ed9t ti\u1ec7m nail chuy\u00ean nghi\u1ec7p, khu v\u1ef1c trung t\u00e2m kh\u00f4ng n\u00ean b\u1ecb b\u1ecf tr\u1ed1ng \u2013 \u0111\u00f3 l\u00e0 l\u00fd do Island Cabinet ng\u00e0y c\u00e0ng tr\u1edf n\u00ean ph\u1ed5 bi\u1ebfn trong thi\u1ebft k\u1ebf n\u1ed9i th\u1ea5t hi\u1ec7n \u0111\u1ea1i.<br \/>Kh\u00f4ng ch\u1ec9 \u0111\u01a1n thu\u1ea7n l\u00e0 khu v\u1ef1c l\u01b0u tr\u1eef, Island Cabinet c\u00f2n \u0111\u00f3ng vai tr\u00f2 nh\u01b0 \u0111i\u1ec3m nh\u1ea5n th\u1ea9m m\u1ef9, gi\u00fap t\u1ed1i \u01b0u h\u00f3a b\u1ed1 c\u1ee5c kh\u00f4ng gian v\u00e0 mang \u0111\u1ebfn s\u1ef1 k\u1ebft h\u1ee3p ho\u00e0n h\u1ea3o gi\u1eefa c\u00f4ng n\u0103ng v\u00e0 phong c\u00e1ch. <\/p>\n<p data-start=\"399\" data-end=\"569\">UnikPlace t\u1ef1 h\u00e0o gi\u1edbi thi\u1ec7u Island | B\u1ed9 S\u01b0u T\u1eadp CATE \u2013 s\u1ef1 k\u1ebft h\u1ee3p ho\u00e0n h\u1ea3o gi\u1eefa c\u00f4ng n\u0103ng v\u00e0 thi\u1ebft k\u1ebf cao c\u1ea5p, \u0111\u01b0\u1ee3c t\u1ea1o ra d\u00e0nh ri\u00eang cho c\u00e1c ti\u1ec7m nail t\u1ea1i Hoa K\u1ef3.<\/p>\n<div id=\"attachment_19078\" style=\"width: 1034px\" class=\"wp-caption aligncenter\"><img loading=\"lazy\" decoding=\"async\" aria-describedby=\"caption-attachment-19078\" class=\"wp-image-19077 size-large\" src=\"https:\/\/unikplace.com\/wp-content\/uploads\/2025\/07\/island-cabinet-cate-collection-unikPlace-02-1024x576.jpg\" alt=\"Island Cabinet | B\u1ed9 s\u01b0u t\u1eadp CATE | UnikPlace 02\" width=\"1024\" height=\"576\" srcset=\"https:\/\/unikplace.com\/wp-content\/uploads\/2025\/07\/island-cabinet-cate-collection-unikPlace-02-1024x576.jpg 1024w, https:\/\/unikplace.com\/wp-content\/uploads\/2025\/07\/island-cabinet-cate-collection-unikPlace-02-300x169.jpg 300w, https:\/\/unikplace.com\/wp-content\/uploads\/2025\/07\/island-cabinet-cate-collection-unikPlace-02-768x432.jpg 768w, https:\/\/unikplace.com\/wp-content\/uploads\/2025\/07\/island-cabinet-cate-collection-unikPlace-02-150x84.jpg 150w, https:\/\/unikplace.com\/wp-content\/uploads\/2025\/07\/island-cabinet-cate-collection-unikPlace-02.jpg 1200w\" sizes=\"auto, (max-width: 1024px) 100vw, 1024px\" \/><p id=\"caption-attachment-19078\" class=\"wp-caption-text\">Island Cabinet | B\u1ed9 s\u01b0u t\u1eadp CATE | UnikPlace 02<\/p><\/div>\n<h2 data-start=\"576\" data-end=\"599\">Chi ti\u1ebft s\u1ea3n ph\u1ea9m<\/h2>\n<ul>\n<li data-start=\"603\" data-end=\"655\"><strong data-start=\"603\" data-end=\"620\">T\u00ean s\u1ea3n ph\u1ea9m:<\/strong> Island Cabinet | B\u1ed9 s\u01b0u t\u1eadp CATE<\/li>\n<li data-start=\"658\" data-end=\"680\"><strong data-start=\"658\" data-end=\"668\">Th\u01b0\u01a1ng hi\u1ec7u:<\/strong> UnikPlace<\/li>\n<li data-start=\"683\" data-end=\"725\"><strong data-start=\"683\" data-end=\"692\">K\u00edch Th\u01b0\u1edbc: <\/strong>T\u00f9y ch\u1ec9nh linh ho\u1ea1t \u0111\u1ec3 ph\u00f9 h\u1ee3p v\u1edbi kh\u00f4ng gian ti\u1ec7m c\u1ee7a b\u1ea1n.<\/li>\n<li data-start=\"728\" data-end=\"811\"><strong data-start=\"728\" data-end=\"738\">M\u00e0u S\u1eafc:<\/strong> Th\u00e2n t\u1ee7 m\u00e0u tr\u1eafng, m\u1eb7t b\u00e0n \u0111\u00e1 \u0111en, tay n\u1eafm v\u00e0 vi\u1ec1n m\u1ea1 v\u00e0ng sang tr\u1ecdng.<\/li>\n<li data-start=\"814\" data-end=\"924\"><strong data-start=\"814\" data-end=\"825\">Thi\u1ebft K\u1ebf: <\/strong>Ki\u1ec3u d\u00e1ng d\u00e0i thanh tho\u00e1t, g\u1ed3m nhi\u1ec1u ng\u0103n t\u1ee7 k\u00edn, v\u1edbi b\u1ec1 m\u1eb7t ph\u1eb3ng, sang tr\u1ecdng v\u00e0 d\u1ec5 v\u1ec7 sinh.<\/li>\n<\/ul>\n<h2 data-start=\"931\" data-end=\"963\">\u0110\u1eb7c \u0110i\u1ec3m &amp; Ch\u1ee9c N\u0103ng N\u1ed5i B\u1eadt<\/h2>\n<p>&nbsp;<\/p>\n<ul>\n<li>Kh\u00f4ng Gian L\u01b0u Tr\u1eef R\u1ed9ng R\u00e3i: G\u1ed3m nhi\u1ec1u ng\u0103n t\u1ee7 k\u00edn c\u00f3 c\u1eeda, l\u00fd t\u01b0\u1edfng \u0111\u1ec3 s\u1eafp x\u1ebfp kh\u0103n, chai l\u1ecd, h\u00f3a ch\u1ea5t v\u00e0 d\u1ee5ng c\u1ee5 salon m\u1ed9t c\u00e1ch g\u1ecdn g\u00e0ng v\u00e0 khoa h\u1ecdc.<\/li>\n<li data-start=\"1103\" data-end=\"1206\">M\u1eb7t B\u00e0n R\u1ed9ng R\u00e3i: Ho\u00e0n h\u1ea3o \u0111\u1ec3 tr\u01b0ng b\u00e0y s\u1ea3n ph\u1ea9m, s\u1eed d\u1ee5ng t\u1ea1i khu v\u1ef1c ch\u1edd, ho\u1eb7c h\u1ed7 tr\u1ee3 quy tr\u00ecnh l\u00e0m d\u1ecbch v\u1ee5 trong ti\u1ec7m.<\/li>\n<li data-start=\"1209\" data-end=\"1308\">Ch\u1ea5t Li\u1ec7u Ch\u1ed1ng \u1ea8m: D\u1ec5 lau ch\u00f9i v\u00e0 b\u1ea3o d\u01b0\u1ee1ng, gi\u00fap gi\u1eef v\u1ebb \u0111\u1eb9p b\u1ec1n l\u00e2u v\u00e0 \u0111\u1ea3m b\u1ea3o v\u1ec7 sinh t\u1ed1i \u0111a.<\/li>\n<li data-start=\"1311\" data-end=\"1418\">Thi\u1ebft K\u1ebf Hi\u1ec7n \u0110\u1ea1i, T\u1ed1i Gi\u1ea3n v\u00e0 An To\u00e0n: \u0110\u00e1p \u1ee9ng ti\u00eau chu\u1ea9n th\u1ea9m m\u1ef9 cao, ph\u00f9 h\u1ee3p v\u1edbi nhi\u1ec1u phong c\u00e1ch n\u1ed9i th\u1ea5t kh\u00e1c nhau.<\/li>\n<\/ul>\n<h2 data-start=\"1425\" data-end=\"1450\">\u0110i\u1ec3m Nh\u1ea5n Thi\u1ebft K\u1ebf<\/h2>\n<p data-start=\"1452\" data-end=\"1686\">Island Cabinet thu\u1ed9c B\u1ed9 S\u01b0u T\u1eadp CATE l\u00e0 s\u1ef1 h\u00f2a quy\u1ec7n gi\u1eefa phong c\u00e1ch t\u1ed1i gi\u1ea3n hi\u1ec7n \u0111\u1ea1i v\u00e0 n\u00e9t sang tr\u1ecdng c\u1ed5 \u0111i\u1ec3n. M\u1eb7t b\u00e0n \u0111\u00e1 \u0111en n\u1ed5i v\u00e2n tinh t\u1ebf t\u1ea1o \u0111i\u1ec3m nh\u1ea5n m\u1ea1nh m\u1ebd, trong khi th\u00e2n t\u1ee7 tr\u1eafng tinh kh\u00f4i mang l\u1ea1i c\u1ea3m gi\u00e1c s\u1ea1ch s\u1ebd v\u00e0 thanh l\u1ecbch. <\/p>\n<p data-start=\"1688\" data-end=\"1858\">Tay n\u1eafm m\u00e0u v\u00e0ng c\u00f9ng \u0111\u01b0\u1eddng vi\u1ec1n \u00e1nh kim tinh t\u1ebf \u1edf ch\u00e2n t\u1ee7 mang \u0111\u1ebfn v\u1ebb sang tr\u1ecdng v\u00e0 \u0111\u1eb3ng c\u1ea5p, ho\u00e0n h\u1ea3o cho kh\u00f4ng gian ti\u1ec7m nail chuy\u00ean nghi\u1ec7p v\u00e0 t\u1ea1o c\u1ea3m gi\u00e1c tin c\u1eady.<\/p>\n<h2 data-start=\"1865\" data-end=\"1911\">V\u00ec Sao N\u00ean \u0110\u1ea7u T\u01b0 V\u00e0o Island Cabinet Thu\u1ed9c B\u1ed9 S\u01b0u T\u1eadp CATE?<\/h2>\n<p data-start=\"1913\" data-end=\"1979\">S\u1edf h\u1eefu m\u1ed9t Island Cabinet l\u00e0 b\u01b0\u1edbc \u0111\u1ea7u t\u01b0 chi\u1ebfn l\u01b0\u1ee3c th\u00f4ng minh cho ti\u1ec7m nail c\u1ee7a b\u1ea1n:<\/p>\n<ul>\n<li data-start=\"1983\" data-end=\"2083\"><strong data-start=\"1983\" data-end=\"2009\">T\u0103ng Hi\u1ec7u Qu\u1ea3 L\u00e0m Vi\u1ec7c:<\/strong> S\u1eafp x\u1ebfp d\u1ee5ng c\u1ee5 g\u1ecdn g\u00e0ng v\u00e0 d\u1ec5 l\u1ea5y, gi\u00fap quy tr\u00ecnh ph\u1ee5c v\u1ee5 di\u1ec5n ra tr\u00f4i ch\u1ea3y v\u00e0 chuy\u00ean nghi\u1ec7p h\u01a1n.<\/li>\n<li data-start=\"2086\" data-end=\"2186\"><strong data-start=\"2086\" data-end=\"2122\">N\u00e2ng Cao H\u00ecnh \u1ea2nh Chuy\u00ean Nghi\u1ec7p:<\/strong> Thi\u1ebft k\u1ebf tinh t\u1ebf v\u00e0 ch\u1ec9n chu gi\u00fap t\u1ea1o ni\u1ec1m tin cho kh\u00e1ch h\u00e0ng v\u1ec1 ch\u1ea5t l\u01b0\u1ee3ng d\u1ecbch v\u1ee5 c\u1ee7a ti\u1ec7m.<\/li>\n<li data-start=\"2189\" data-end=\"2273\"><strong data-start=\"2189\" data-end=\"2214\">T\u1ed1i \u01afu Di\u1ec7n T\u00edch S\u00e0n: <\/strong>T\u1eadn d\u1ee5ng khu v\u1ef1c trung t\u00e2m c\u1ee7a ti\u1ec7m \u0111\u1ec3 v\u1eeba tr\u01b0ng b\u00e0y s\u1ea3n ph\u1ea9m v\u1eeba l\u01b0u tr\u1eef d\u1ee5ng c\u1ee5, gi\u00fap kh\u00f4ng gian g\u1ecdn g\u00e0ng v\u00e0 hi\u1ec7u qu\u1ea3 h\u01a1n.<\/li>\n<li data-start=\"2276\" data-end=\"2386\"><strong data-start=\"2276\" data-end=\"2302\">N\u00e2ng T\u1ea7m Kh\u00f4ng Gian N\u1ed9i Th\u1ea5t:<\/strong> Ch\u1ec9 m\u1ed9t m\u00f3n n\u1ed9i th\u1ea5t \u0111\u01b0\u1ee3c thi\u1ebft k\u1ebf tinh t\u1ebf c\u0169ng c\u00f3 th\u1ec3 thay \u0111\u1ed5i ho\u00e0n to\u00e0n di\u1ec7n m\u1ea1o v\u00e0 c\u1ea3m gi\u00e1c c\u1ee7a kh\u00f4ng gian ti\u1ec7m.<\/li>\n<\/ul>\n<h2 data-start=\"2393\" data-end=\"2434\">Ai N\u00ean L\u1ef1a Ch\u1ecdn S\u1ea3n Ph\u1ea9m N\u00e0y?<\/h2>\n<ul>\n<li data-start=\"2438\" data-end=\"2505\">Ch\u1ee7 ti\u1ec7m c\u1ea7n th\u00eam kh\u00f4ng gian l\u01b0u tr\u1eef nh\u01b0ng v\u1eabn mu\u1ed1n gi\u1eef \u0111\u01b0\u1ee3c t\u00ednh th\u1ea9m m\u1ef9 cho ti\u1ec7m.<\/li>\n<li data-start=\"2508\" data-end=\"2553\">C\u00e1c ti\u1ec7m \u0111ang trong giai \u0111o\u1ea1n thi\u1ebft k\u1ebf ho\u1eb7c thi c\u00f4ng ho\u00e0n thi\u1ec7n kh\u00f4ng gian.<\/li>\n<li data-start=\"2556\" data-end=\"2632\">C\u00e1c ti\u1ec7m \u0111ang mu\u1ed1n s\u1eafp x\u1ebfp l\u1ea1i b\u1ed1 c\u1ee5c kh\u00f4ng gian \u0111\u1ec3 n\u00e2ng cao tr\u1ea3i nghi\u1ec7m c\u1ee7a kh\u00e1ch h\u00e0ng.<\/li>\n<li data-start=\"2635\" data-end=\"2711\">C\u00e1c spa, beauty bar ho\u1eb7c salon c\u00f3 khu v\u1ef1c trung t\u00e2m c\u1ea7n \u0111\u01b0\u1ee3c t\u1ed1i \u01b0u h\u00f3a c\u00f4ng n\u0103ng v\u00e0 th\u1ea9m m\u1ef9.<\/li>\n<\/ul>\n<h2 data-start=\"2718\" data-end=\"2778\">Mua T\u1ea1i UnikPlace \u2013 N\u00e2ng C\u1ea5p Ti\u1ec7m Nail D\u1ec5 D\u00e0ng V\u00e0 Hi\u1ec7u Qu\u1ea3<\/h2>\n<p data-start=\"2780\" data-end=\"3112\">UnikPlace l\u00e0 \u0111\u1ed1i t\u00e1c thi\u1ebft k\u1ebf v\u00e0 thi c\u00f4ng n\u1ed9i th\u1ea5t \u0111\u00e1ng tin c\u1eady cho c\u00e1c ti\u1ec7m nail tr\u00ean to\u00e0n n\u01b0\u1edbc M\u1ef9, v\u1edbi hi\u1ec3u bi\u1ebft s\u00e2u s\u1eafc v\u1ec1 nhu c\u1ea7u v\u00e0 gu th\u1ea9m m\u1ef9 c\u1ee7a ch\u1ee7 ti\u1ec7m ng\u01b0\u1eddi Vi\u1ec7t t\u1ea1i Hoa K\u1ef3.<br \/>Khi b\u1ea1n ch\u1ecdn mua Island Cabinet thu\u1ed9c B\u1ed9 S\u01b0u T\u1eadp CATE, b\u1ea1n kh\u00f4ng ch\u1ec9 s\u1edf h\u1eefu m\u1ed9t m\u00f3n n\u1ed9i th\u1ea5t, m\u00e0 c\u00f2n \u0111\u1ea7u t\u01b0 v\u00e0o m\u1ed9t gi\u1ea3i ph\u00e1p kh\u00f4ng gian \u0111\u01b0\u1ee3c thi\u1ebft k\u1ebf ri\u00eang cho doanh nghi\u1ec7p c\u1ee7a b\u1ea1n. <\/p>\n<p data-start=\"3114\" data-end=\"3275\">\u0110\u1eb7t h\u00e0ng ngay h\u00f4m nay \u0111\u1ec3 nh\u1eadn t\u01b0 v\u1ea5n thi\u1ebft k\u1ebf chuy\u00ean nghi\u1ec7p, giao h\u00e0ng to\u00e0n qu\u1ed1c t\u1ea1i Hoa K\u1ef3, c\u00f9ng t\u00f9y ch\u1ecdn k\u00edch th\u01b0\u1edbc v\u00e0 m\u00e0u s\u1eafc linh ho\u1ea1t nh\u1eb1m ph\u00f9 h\u1ee3p ho\u00e0n h\u1ea3o v\u1edbi b\u1ed1 c\u1ee5c ti\u1ec7m nail c\u1ee7a b\u1ea1n.<\/p>\n<p data-start=\"3282\" data-end=\"3392\" data-is-last-node=\"\" data-is-only-node=\"\">Li\u00ean h\u1ec7 v\u1edbi ch\u00fang t\u00f4i ngay h\u00f4m nay \u0111\u1ec3 \u0111\u01b0\u1ee3c h\u1ed7 tr\u1ee3 nhanh ch\u00f3ng, t\u01b0 v\u1ea5n c\u00e1 nh\u00e2n h\u00f3a v\u00e0 nh\u1eadn th\u00f4ng tin b\u00e1o gi\u00e1 chi ti\u1ebft:<\/p>\n<ul>\n<li data-start=\"4048\" data-end=\"4107\"><strong>\u0110\u1ecba ch\u1ec9: Westminster California 92683 United States<\/strong><\/li>\n<li data-start=\"4110\" data-end=\"4161\"><strong>Website: <a class=\"\" href=\"https:\/\/unikplace.com\/vi\/\" target=\"_new\" rel=\"noopener\" data-start=\"4123\" data-end=\"4159\">unikplace.com<\/a><\/strong><\/li>\n<li data-start=\"4164\" data-end=\"4196\"><strong>Hotline: +1 (909) 566 0899<\/strong><\/li>\n<li data-start=\"4199\" data-end=\"4228\"><strong>Email: <a href=\"mailto:info@unikplace.com\">info@unikplace.com<\/a><\/strong><\/li>\n<\/ul>\n","protected":false},"excerpt":{"rendered":"<p>Island Cabinet | B\u1ed9 S\u01b0u T\u1eadp CATE l\u00e0 gi\u1ea3i ph\u00e1p l\u01b0u tr\u1eef sang tr\u1ecdng, gi\u00fap t\u1ed1i \u01b0u kh\u00f4ng gian tr\u01b0ng b\u00e0y trong c\u00e1c ti\u1ec7m nail. V\u1edbi thi\u1ebft k\u1ebf hi\u1ec7n \u0111\u1ea1i v\u00e0 ch\u1ea5t li\u1ec7u cao c\u1ea5p, s\u1ea3n ph\u1ea9m c\u00f3 th\u1ec3 t\u00f9y ch\u1ec9nh linh ho\u1ea1t \u0111\u1ec3 ph\u00f9 h\u1ee3p v\u1edbi phong c\u00e1ch ri\u00eang c\u1ee7a t\u1eebng ti\u1ec7m. <\/p>\n","protected":false},"featured_media":15609,"comment_status":"closed","ping_status":"closed","template":"","meta":{"_acf_changed":false,"content-type":""},"product_brand":[],"product_cat":[234,484,235,236],"product_tag":[],"class_list":{"0":"post-10477","1":"product","2":"type-product","3":"status-publish","4":"has-post-thumbnail","6":"product_cat-bo-suu-tap","7":"product_cat-bo-suu-tap-cate-vi","8":"product_cat-noi-that","9":"product_cat-tu","11":"first","12":"instock","13":"taxable","14":"shipping-taxable","15":"product-type-simple"},"acf":[],"_links":{"self":[{"href":"https:\/\/unikplace.com\/vi\/wp-json\/wp\/v2\/product\/10477","targetHints":{"allow":["GET"]}}],"collection":[{"href":"https:\/\/unikplace.com\/vi\/wp-json\/wp\/v2\/product"}],"about":[{"href":"https:\/\/unikplace.com\/vi\/wp-json\/wp\/v2\/types\/product"}],"replies":[{"embeddable":true,"href":"https:\/\/unikplace.com\/vi\/wp-json\/wp\/v2\/comments?post=10477"}],"wp:featuredmedia":[{"embeddable":true,"href":"https:\/\/unikplace.com\/vi\/wp-json\/wp\/v2\/media\/15609"}],"wp:attachment":[{"href":"https:\/\/unikplace.com\/vi\/wp-json\/wp\/v2\/media?parent=10477"}],"wp:term":[{"taxonomy":"product_brand","embeddable":true,"href":"https:\/\/unikplace.com\/vi\/wp-json\/wp\/v2\/product_brand?post=10477"},{"taxonomy":"product_cat","embeddable":true,"href":"https:\/\/unikplace.com\/vi\/wp-json\/wp\/v2\/product_cat?post=10477"},{"taxonomy":"product_tag","embeddable":true,"href":"https:\/\/unikplace.com\/vi\/wp-json\/wp\/v2\/product_tag?post=10477"}],"curies":[{"name":"wp","href":"https:\/\/api.w.org\/{rel}","templated":true}]}}