{"id":10481,"date":"2025-07-14T09:33:35","date_gmt":"2025-07-14T09:33:35","guid":{"rendered":"https:\/\/unikplace.us\/uncategorized\/tu-dung-cu-bo-suu-tap-cate\/"},"modified":"2025-10-15T03:29:30","modified_gmt":"2025-10-15T03:29:30","slug":"tu-dung-cu-bo-suu-tap-cate","status":"publish","type":"product","link":"https:\/\/unikplace.com\/vi\/bo-suu-tap\/bo-suu-tap-cate-vi\/tu-dung-cu-bo-suu-tap-cate\/","title":{"rendered":"Supply Cabinet | B\u1ed9 s\u01b0u t\u1eadp CATE"},"content":{"rendered":"<article dir=\"auto\" data-testid=\"conversation-turn-88\" data-scroll-anchor=\"true\" data-turn=\"assistant\">\n<div>\n<div>\n<div>\n<div dir=\"auto\" data-message-author-role=\"assistant\" data-message-id=\"b2405f91-0e4d-4860-b55e-4e0667a7bf54\" data-message-model-slug=\"gpt-4o\">\n<div>\n<div>\n<p data-start=\"61\" data-end=\"332\" data-is-last-node=\"\" data-is-only-node=\"\">M\u1ed9t ti\u1ec7m nail \u0111\u1eb9p kh\u00f4ng ch\u1ec9 c\u1ea7n n\u1ed9i th\u1ea5t sang tr\u1ecdng, m\u00e0 c\u00f2n ph\u1ea3i g\u1ecdn g\u00e0ng v\u00e0 ti\u1ec7n d\u1ee5ng trong t\u1eebng chi ti\u1ebft nh\u1ecf. Supply Cabinet | B\u1ed9 S\u01b0u T\u1eadp CATE l\u00e0 l\u1ef1a ch\u1ecdn ho\u00e0n h\u1ea3o gi\u00fap t\u1ed1i \u01b0u kh\u00f4ng gian l\u01b0u tr\u1eef m\u00e0 v\u1eabn gi\u1eef \u0111\u01b0\u1ee3c v\u1ebb hi\u1ec7n \u0111\u1ea1i v\u00e0 tinh t\u1ebf cho t\u1ed5ng th\u1ec3 ti\u1ec7m. <\/p>\n<\/div>\n<\/div>\n<\/div>\n<\/div>\n<\/div>\n<\/div>\n<\/article>\n<h2 data-start=\"363\" data-end=\"386\">Chi ti\u1ebft s\u1ea3n ph\u1ea9m<\/h2>\n<ul>\n<li data-start=\"390\" data-end=\"460\">M\u1eb7t b\u00e0n \u0111en sang tr\u1ecdng v\u1edbi v\u00e2n tr\u1eafng t\u1ef1 nhi\u00ean, ch\u1ed1ng tr\u1ea7y x\u01b0\u1edbc cao c\u1ea5p<\/li>\n<li data-start=\"463\" data-end=\"538\">Th\u00e2n t\u1ee7 v\u00e2n \u0111\u00e1 tr\u1eafng cao c\u1ea5p, \u0111\u01b0\u1ee3c nh\u1ea5n b\u1eb1ng vi\u1ec1n v\u00e0ng tinh t\u1ebf, mang l\u1ea1i v\u1ebb sang tr\u1ecdng v\u00e0 \u0111\u1eb3ng c\u1ea5p.<\/li>\n<li data-start=\"541\" data-end=\"618\">Tay n\u1eafm kim lo\u1ea1i m\u1ea1 v\u00e0ng ch\u1eafc ch\u1eafn, h\u00e0i h\u00f2a ho\u00e0n h\u1ea3o v\u1edbi t\u1ed5ng th\u1ec3 thi\u1ebft k\u1ebf.<\/li>\n<\/ul>\n<h2 data-start=\"625\" data-end=\"653\">\u0110\u1eb7c \u0110i\u1ec3m N\u1ed5i B\u1eadt<\/h2>\n<div id=\"attachment_19070\" style=\"width: 1034px\" class=\"wp-caption aligncenter\"><img loading=\"lazy\" decoding=\"async\" aria-describedby=\"caption-attachment-19070\" class=\"wp-image-19069 size-large\" src=\"https:\/\/unikplace.com\/wp-content\/uploads\/2025\/07\/supply-cabinet-cate-collection-unikplace-02-1024x576.jpg\" alt=\"Supply Cabinet | B\u1ed9 s\u01b0u t\u1eadp CATE | UnikPlace 02\" width=\"1024\" height=\"576\" srcset=\"https:\/\/unikplace.com\/wp-content\/uploads\/2025\/07\/supply-cabinet-cate-collection-unikplace-02-1024x576.jpg 1024w, https:\/\/unikplace.com\/wp-content\/uploads\/2025\/07\/supply-cabinet-cate-collection-unikplace-02-300x169.jpg 300w, https:\/\/unikplace.com\/wp-content\/uploads\/2025\/07\/supply-cabinet-cate-collection-unikplace-02-768x432.jpg 768w, https:\/\/unikplace.com\/wp-content\/uploads\/2025\/07\/supply-cabinet-cate-collection-unikplace-02-150x84.jpg 150w, https:\/\/unikplace.com\/wp-content\/uploads\/2025\/07\/supply-cabinet-cate-collection-unikplace-02.jpg 1200w\" sizes=\"auto, (max-width: 1024px) 100vw, 1024px\" \/><p id=\"caption-attachment-19070\" class=\"wp-caption-text\">Supply Cabinet in CATE Collection<\/p><\/div>\n<h3 data-start=\"655\" data-end=\"724\">Ng\u0103n K\u00e9o Ph\u00e2n Chia Th\u00f4ng Minh: T\u0103ng Kh\u00f4ng Gian L\u01b0u Tr\u1eef \u2013 S\u1eafp X\u1ebfp Khoa H\u1ecdc H\u01a1n<\/h3>\n<p data-start=\"725\" data-end=\"1153\">V\u1edbi 16 ng\u0103n k\u00e9o \u0111\u01b0\u1ee3c b\u1ed1 tr\u00ed th\u00e0nh 4 khu v\u1ef1c ri\u00eang bi\u1ec7t, t\u1ee7 gi\u00fap s\u1eafp x\u1ebfp v\u00e0 ph\u00e2n lo\u1ea1i g\u1ecdn g\u00e0ng c\u00e1c v\u1eadt d\u1ee5ng nh\u01b0 b\u00f4ng, d\u0169a, buffer, c\u1ecd, gel, s\u01a1n v\u00e0 nhi\u1ec1u ph\u1ee5 ki\u1ec7n kh\u00e1c. B\u1ed1 c\u1ee5c khoa h\u1ecdc gi\u00fap th\u1ee3 ti\u1ebft ki\u1ec7m th\u1eddi gian, t\u0103ng t\u1ed1c \u0111\u1ed9 ph\u1ee5c v\u1ee5 v\u00e0 duy tr\u00ec hi\u1ec7u qu\u1ea3 l\u00e0m vi\u1ec7c t\u1ed1i \u0111a. <\/p>\n<p data-start=\"725\" data-end=\"1153\">\u0110\u00e2y l\u00e0 l\u1ef1a ch\u1ecdn l\u00fd t\u01b0\u1edfng cho c\u00e1c ti\u1ec7m nail c\u00f3 nhi\u1ec1u th\u1ee3 ho\u1eb7c nhi\u1ec1u tr\u1ea1m l\u00e0m vi\u1ec7c c\u00f9ng l\u00fac, gi\u00fap gi\u1eef kh\u00f4ng gian lu\u00f4n g\u1ecdn g\u00e0ng, chuy\u00ean nghi\u1ec7p v\u00e0 hi\u1ec7u qu\u1ea3.<\/p>\n<h3 data-start=\"1155\" data-end=\"1219\">B\u1ec1 M\u1eb7t \u0110\u00e1 Ch\u1eafc Ch\u1eafn: C\u00f3 Th\u1ec3 K\u1ebft H\u1ee3p L\u00e0m Qu\u1ea7y Tr\u01b0ng B\u00e0y<\/h3>\n<p data-start=\"1220\" data-end=\"1545\">M\u1eb7t tr\u00ean \u0111\u01b0\u1ee3c l\u00e0m t\u1eeb \u0111\u00e1 t\u1ef1 nhi\u00ean m\u00e0u \u0111en b\u1ec1n ch\u1eafc, v\u1edbi v\u00e2n tr\u1eafng n\u1ed5i b\u1eadt mang l\u1ea1i \u0111\u1ed9 b\u1ec1n cao v\u00e0 v\u1ebb \u0111\u1eb9p sang tr\u1ecdng cho kh\u00f4ng gian. B\u1ec1 m\u1eb7t r\u1ed9ng r\u00e3i l\u00fd t\u01b0\u1edfng \u0111\u1ec3 tr\u01b0ng b\u00e0y s\u1ea3n ph\u1ea9m nail, m\u1ef9 ph\u1ea9m ho\u1eb7c thi\u1ebft b\u1ecb nh\u1ecf, th\u1eadm ch\u00ed c\u00f3 th\u1ec3 d\u00f9ng nh\u01b0 qu\u1ea7y l\u1ec5 t\u00e2n, gi\u00fap t\u1ea1o \u1ea5n t\u01b0\u1ee3ng chuy\u00ean nghi\u1ec7p ngay t\u1eeb \u00e1nh nh\u00ecn \u0111\u1ea7u ti\u00ean. <\/p>\n<h3 data-start=\"1547\" data-end=\"1628\">Thu\u1ed9c B\u1ed9 S\u01b0u T\u1eadp CATE \u0110\u1ed3ng B\u1ed9: Chuy\u00ean Nghi\u1ec7p \u1ede M\u1ecdi G\u00f3c Nh\u00ecn<\/h3>\n<p data-start=\"1629\" data-end=\"1937\">L\u00e0 m\u1ed9t ph\u1ea7n c\u1ee7a B\u1ed9 S\u01b0u T\u1eadp CATE, t\u1ee7 \u0111\u01b0\u1ee3c thi\u1ebft k\u1ebf \u0111\u1ed3ng b\u1ed9 ho\u00e0n h\u1ea3o v\u1edbi B\u00e0n Manicure, \u0111\u00e8n v\u00e0 Gh\u1ebf th\u1ee3 c\u00f9ng t\u00f4ng m\u00e0u. Thi\u1ebft k\u1ebf nh\u1ea5t qu\u00e1n gi\u00fap t\u0103ng t\u00ednh h\u00e0i h\u00f2a cho kh\u00f4ng gian, \u0111\u1ed3ng th\u1eddi n\u00e2ng t\u1ea7m h\u00ecnh \u1ea3nh th\u01b0\u01a1ng hi\u1ec7u v\u1edbi phong c\u00e1ch cao c\u1ea5p, chuy\u00ean nghi\u1ec7p, t\u1ea1o \u1ea5n t\u01b0\u1ee3ng m\u1ea1nh m\u1ebd ngay t\u1eeb l\u1ea7n \u0111\u1ea7u kh\u00e1ch b\u01b0\u1edbc v\u00e0o ti\u1ec7m. <\/p>\n<h3 data-start=\"1939\" data-end=\"1990\">D\u1ec5 D\u00e0ng V\u1ec7 Sinh: Gi\u00fap Ti\u1ec7m Lu\u00f4n S\u1ea1ch S\u1ebd V\u00e0 G\u1ecdn G\u00e0ng<\/h3>\n<p data-start=\"1991\" data-end=\"2217\">B\u1ec1 m\u1eb7t b\u00f3ng cao c\u1ea5p gi\u00fap ch\u1ed1ng b\u00e1m b\u1ee5i v\u00e0 d\u1ec5 lau ch\u00f9i, gi\u00fap r\u00fat ng\u1eafn th\u1eddi gian v\u1ec7 sinh v\u00e0 duy tr\u00ec kh\u00f4ng gian lu\u00f4n s\u1ea1ch s\u1ebd, s\u00e1ng b\u00f3ng v\u00e0 v\u1ec7 sinh. M\u1ed9t ti\u1ec7m g\u1ecdn g\u00e0ng, ng\u0103n n\u1eafp s\u1ebd t\u1ea1o c\u1ea3m gi\u00e1c tin t\u01b0\u1edfng v\u00e0 tho\u1ea3i m\u00e1i cho kh\u00e1ch h\u00e0ng ngay t\u1eeb khi b\u01b0\u1edbc v\u00e0o. <\/p>\n<h2 data-start=\"2224\" data-end=\"2256\">S\u1ea3n ph\u1ea9m n\u00e0y ph\u00f9 h\u1ee3p v\u1edbi ai?<\/h2>\n<ul>\n<li data-start=\"2260\" data-end=\"2334\">C\u00e1c ti\u1ec7m nail, spa v\u00e0 salon l\u00e0m \u0111\u1eb9p \u0111ang t\u00ecm ki\u1ebfm gi\u1ea3i ph\u00e1p l\u01b0u tr\u1eef th\u00f4ng minh v\u00e0 ti\u1ec7n d\u1ee5ng.<\/li>\n<li data-start=\"2337\" data-end=\"2395\">Ch\u1ee7 ti\u1ec7m mong mu\u1ed1n n\u00e2ng c\u1ea5p h\u00ecnh \u1ea3nh chuy\u00ean nghi\u1ec7p v\u00e0 t\u0103ng t\u00ednh th\u1ea9m m\u1ef9 cho kh\u00f4ng gian ti\u1ec7m.<\/li>\n<li data-start=\"2398\" data-end=\"2449\">C\u00e1c kh\u00f4ng gian c\u1ea7n m\u1ed9t \u0111i\u1ec3m nh\u1ea5n hi\u1ec7n \u0111\u1ea1i v\u00e0 mang t\u00ednh th\u1ea9m m\u1ef9 cao.<\/li>\n<\/ul>\n<h2 data-start=\"2456\" data-end=\"2508\">V\u00ec Sao N\u00ean \u0110\u1ea7u T\u01b0 V\u00e0o Tool Cabinet T\u1eeb UnikPlace?<\/h2>\n<p data-start=\"2510\" data-end=\"2854\">M\u1ed9t ti\u1ec7m nail \u0111\u01b0\u1ee3c s\u1eafp x\u1ebfp g\u1ecdn g\u00e0ng v\u00e0 \u0111\u1eb9p m\u1eaft kh\u00f4ng ch\u1ec9 thu h\u00fat kh\u00e1ch h\u00e0ng m\u1edbi, m\u00e0 c\u00f2n gi\u1eef ch\u00e2n h\u1ecd quay l\u1ea1i. Kh\u00f4ng gian l\u00e0m vi\u1ec7c ng\u0103n n\u1eafp, thi\u1ebft k\u1ebf ch\u1ec9n chu th\u1ec3 hi\u1ec7n s\u1ef1 t\u1eadn t\u00e2m, ch\u1ea5t l\u01b0\u1ee3ng v\u00e0 chuy\u00ean nghi\u1ec7p, t\u1eeb \u0111\u00f3 x\u00e2y d\u1ef1ng ni\u1ec1m tin v\u00e0 s\u1ef1 trung th\u00e0nh c\u1ee7a kh\u00e1ch h\u00e0ng. <\/p>\n<p data-start=\"2510\" data-end=\"2854\">B\u1eb1ng vi\u1ec7c \u0111\u1ea7u t\u01b0 v\u00e0o nh\u1eefng s\u1ea3n ph\u1ea9m n\u1ed9i th\u1ea5t \u0111\u00fang \u0111\u1eafn, b\u1ea1n kh\u00f4ng ch\u1ec9 n\u00e2ng cao gi\u00e1 tr\u1ecb th\u1ea9m m\u1ef9 cho kh\u00f4ng gian, m\u00e0 c\u00f2n t\u1ea1o d\u1ef1ng n\u1ec1n t\u1ea3ng ph\u00e1t tri\u1ec3n b\u1ec1n v\u1eefng cho ti\u1ec7m nail c\u1ee7a m\u00ecnh.<\/p>\n<h2 data-start=\"2861\" data-end=\"2927\">Mua Tool Cabinet Ch\u1ea5t L\u01b0\u1ee3ng Cao V\u1edbi Gi\u00e1 Tr\u1ecb T\u1ed1t Nh\u1ea5t \u1ede \u0110\u00e2u?<\/h2>\n<p data-start=\"2929\" data-end=\"3247\"><strong data-start=\"2929\" data-end=\"2942\">UnikPlace <\/strong>\u2013 th\u01b0\u01a1ng hi\u1ec7u h\u00e0ng \u0111\u1ea7u t\u1ea1i Hoa K\u1ef3 trong l\u0129nh v\u1ef1c thi\u1ebft k\u1ebf v\u00e0 thi c\u00f4ng n\u1ed9i th\u1ea5t cho ti\u1ec7m nail \u2013 t\u1ef1 h\u00e0o \u0111\u1ed3ng h\u00e0nh c\u00f9ng c\u1ed9ng \u0111\u1ed3ng kinh doanh l\u00e0m \u0111\u1eb9p ng\u01b0\u1eddi Vi\u1ec7t t\u1ea1i M\u1ef9. M\u1ed7i s\u1ea3n ph\u1ea9m c\u1ee7a UnikPlace \u0111\u1ec1u \u0111\u01b0\u1ee3c thi\u1ebft k\u1ebf ri\u00eang, ch\u1ebf t\u00e1c t\u1eeb v\u1eadt li\u1ec7u cao c\u1ea5p v\u00e0 \u0111i k\u00e8m ch\u00ednh s\u00e1ch b\u1ea3o h\u00e0nh \u0111\u00e1ng tin c\u1eady, mang l\u1ea1i ch\u1ea5t l\u01b0\u1ee3ng v\u01b0\u1ee3t tr\u1ed9i v\u00e0 s\u1ef1 y\u00ean t\u00e2m tuy\u1ec7t \u0111\u1ed1i cho kh\u00e1ch h\u00e0ng. <\/p>\n<p data-start=\"3254\" data-end=\"3335\">Li\u00ean h\u1ec7 v\u1edbi ch\u00fang t\u00f4i ngay h\u00f4m nay \u0111\u1ec3 \u0111\u01b0\u1ee3c t\u01b0 v\u1ea5n thi\u1ebft k\u1ebf c\u00e1 nh\u00e2n h\u00f3a v\u00e0 h\u1ed7 tr\u1ee3 nhanh ch\u00f3ng:<\/p>\n<ul>\n<li data-start=\"4048\" data-end=\"4107\"><strong>\u0110\u1ecba ch\u1ec9: Westminster California 92683 United States<\/strong><\/li>\n<li data-start=\"4110\" data-end=\"4161\"><strong>Website: <a class=\"\" href=\"https:\/\/unikplace.com\/vi\/\" target=\"_new\" rel=\"noopener\" data-start=\"4123\" data-end=\"4159\">unikplace.com<\/a><\/strong><\/li>\n<li data-start=\"4164\" data-end=\"4196\"><strong>Hotline: +1 (909) 566 0899<\/strong><\/li>\n<li data-start=\"4199\" data-end=\"4228\"><strong>Email: <a href=\"mailto:info@unikplace.com\">info@unikplace.com<\/a><\/strong><\/li>\n<\/ul>\n","protected":false},"excerpt":{"rendered":"<p>Supply Cabinet | B\u1ed9 S\u01b0u T\u1eadp CATE s\u1edf h\u1eefu thi\u1ebft k\u1ebf sang tr\u1ecdng v\u1edbi m\u1eb7t b\u00e0n \u0111\u00e1 \u0111en tinh t\u1ebf, t\u1ea1o n\u00ean \u0111i\u1ec3m nh\u1ea5n \u0111\u1eb3ng c\u1ea5p cho kh\u00f4ng gian ti\u1ec7m. H\u1ec7 th\u1ed1ng ng\u0103n k\u00e9o \u0111\u01b0\u1ee3c b\u1ed1 tr\u00ed khoa h\u1ecdc, gi\u00fap l\u01b0u tr\u1eef v\u00e0 s\u1eafp x\u1ebfp d\u1ee5ng c\u1ee5 ti\u1ec7n l\u1ee3i, mang l\u1ea1i s\u1ef1 h\u00e0i h\u00f2a ho\u00e0n h\u1ea3o gi\u1eefa th\u1ea9m m\u1ef9 v\u00e0 c\u00f4ng n\u0103ng s\u1eed d\u1ee5ng. <\/p>\n","protected":false},"featured_media":15617,"comment_status":"closed","ping_status":"closed","template":"","meta":{"_acf_changed":false,"content-type":""},"product_brand":[],"product_cat":[234,484,235,236],"product_tag":[],"class_list":{"0":"post-10481","1":"product","2":"type-product","3":"status-publish","4":"has-post-thumbnail","6":"product_cat-bo-suu-tap","7":"product_cat-bo-suu-tap-cate-vi","8":"product_cat-noi-that","9":"product_cat-tu","11":"first","12":"instock","13":"taxable","14":"shipping-taxable","15":"product-type-simple"},"acf":[],"_links":{"self":[{"href":"https:\/\/unikplace.com\/vi\/wp-json\/wp\/v2\/product\/10481","targetHints":{"allow":["GET"]}}],"collection":[{"href":"https:\/\/unikplace.com\/vi\/wp-json\/wp\/v2\/product"}],"about":[{"href":"https:\/\/unikplace.com\/vi\/wp-json\/wp\/v2\/types\/product"}],"replies":[{"embeddable":true,"href":"https:\/\/unikplace.com\/vi\/wp-json\/wp\/v2\/comments?post=10481"}],"wp:featuredmedia":[{"embeddable":true,"href":"https:\/\/unikplace.com\/vi\/wp-json\/wp\/v2\/media\/15617"}],"wp:attachment":[{"href":"https:\/\/unikplace.com\/vi\/wp-json\/wp\/v2\/media?parent=10481"}],"wp:term":[{"taxonomy":"product_brand","embeddable":true,"href":"https:\/\/unikplace.com\/vi\/wp-json\/wp\/v2\/product_brand?post=10481"},{"taxonomy":"product_cat","embeddable":true,"href":"https:\/\/unikplace.com\/vi\/wp-json\/wp\/v2\/product_cat?post=10481"},{"taxonomy":"product_tag","embeddable":true,"href":"https:\/\/unikplace.com\/vi\/wp-json\/wp\/v2\/product_tag?post=10481"}],"curies":[{"name":"wp","href":"https:\/\/api.w.org\/{rel}","templated":true}]}}