{"id":10491,"date":"2025-07-14T08:11:05","date_gmt":"2025-07-14T08:11:05","guid":{"rendered":"https:\/\/unikplace.us\/uncategorized\/ban-lam-mong-bo-suu-tap-cate\/"},"modified":"2025-10-14T09:59:23","modified_gmt":"2025-10-14T09:59:23","slug":"ban-lam-mong-bo-suu-tap-cate","status":"publish","type":"product","link":"https:\/\/unikplace.com\/vi\/bo-suu-tap\/bo-suu-tap-cate-vi\/ban-lam-mong-bo-suu-tap-cate\/","title":{"rendered":"B\u00e0n Manicure | B\u1ed9 s\u01b0u t\u1eadp CATE"},"content":{"rendered":"<p data-start=\"0\" data-end=\"390\">B\u00e0n Manicure | B\u1ed9 S\u01b0u T\u1eadp CATE l\u00e0 d\u00f2ng s\u1ea3n ph\u1ea9m cao c\u1ea5p k\u1ebft h\u1ee3p ho\u00e0n h\u1ea3o gi\u1eefa t\u00ednh th\u1ea9m m\u1ef9 tinh t\u1ebf v\u00e0 c\u00f4ng n\u0103ng th\u1ef1c ti\u1ec5n, \u0111\u01b0\u1ee3c thi\u1ebft k\u1ebf ri\u00eang cho c\u00e1c ti\u1ec7m nail hi\u1ec7n \u0111\u1ea1i. V\u1edbi ki\u1ec3u d\u00e1ng thanh l\u1ecbch, \u0111i\u1ec3m nh\u1ea5n vi\u1ec1n v\u00e0ng n\u1ed5i b\u1eadt c\u00f9ng b\u1ec1 m\u1eb7t v\u00e2n \u0111\u00e1 sang tr\u1ecdng, chi\u1ebfc b\u00e0n kh\u00f4ng ch\u1ec9 l\u00e0 khu v\u1ef1c l\u00e0m vi\u1ec7c c\u1ee7a th\u1ee3 nail, m\u00e0 c\u00f2n l\u00e0 t\u00e2m \u0111i\u1ec3m thu h\u00fat trong kh\u00f4ng gian n\u1ed9i th\u1ea5t c\u1ee7a ti\u1ec7m. <\/p>\n<h2 data-start=\"397\" data-end=\"416\">Chi ti\u1ebft s\u1ea3n ph\u1ea9m<\/h2>\n<h3 data-start=\"418\" data-end=\"433\">Ch\u1ea5t Li\u1ec7u<\/h3>\n<ul>\n<li data-start=\"436\" data-end=\"515\">M\u1eb7t B\u00e0n: Ph\u1ee7 s\u01a1n cao c\u1ea5p, ch\u1ed1ng th\u1ea5m n\u01b0\u1edbc v\u00e0 ch\u1ed1ng tr\u1ea7y x\u01b0\u1edbc hi\u1ec7u qu\u1ea3.<\/li>\n<li data-start=\"518\" data-end=\"579\">Vi\u1ec1n B\u00e0n: Trang tr\u00ed vi\u1ec1n m\u1ea1 v\u00e0ng t\u1ea1o \u0111i\u1ec3m nh\u1ea5n tinh t\u1ebf v\u00e0 sang tr\u1ecdng.<\/li>\n<li data-start=\"582\" data-end=\"653\">Ch\u00e2n B\u00e0n: Kim lo\u1ea1i s\u01a1n t\u0129nh \u0111i\u1ec7n b\u1ec1n ch\u1eafc, k\u1ebft h\u1ee3p chi ti\u1ebft m\u1ea1 v\u00e0ng sang tr\u1ecdng.<\/li>\n<li data-start=\"656\" data-end=\"720\">C\u1ee5m Ng\u0103n K\u00e9o: Ho\u00e0n thi\u1ec7n b\u1ec1 m\u1eb7t gi\u1ea3 \u0111\u00e1 hi\u1ec7n \u0111\u1ea1i, mang l\u1ea1i v\u1ebb \u0111\u1eb9p thanh l\u1ecbch v\u00e0 tinh t\u1ebf.<\/li>\n<\/ul>\n<h3 data-start=\"722\" data-end=\"1001\">K\u00edch Th\u01b0\u1edbc<\/h3>\n<p data-start=\"722\" data-end=\"1001\">\u0110\u01b0\u1ee3c thi\u1ebft k\u1ebf t\u1ed1i \u01b0u \u0111\u1ec3 mang l\u1ea1i s\u1ef1 tho\u1ea3i m\u00e1i cho th\u1ee3 trong su\u1ed1t ng\u00e0y l\u00e0m vi\u1ec7c.<br \/>Ki\u1ec3u d\u00e1ng linh ho\u1ea1t ph\u00f9 h\u1ee3p cho c\u1ea3 studio nh\u1ecf \u1ea5m c\u00fang l\u1eabn ti\u1ec7m nail l\u1edbn, hi\u1ec7n \u0111\u1ea1i.<br \/>S\u1ea3n ph\u1ea9m c\u00f3 hai phi\u00ean b\u1ea3n: M\u1ed9t ch\u1ed7 (Single-Seat) v\u00e0 Hai ch\u1ed7 (Double-Seat), d\u1ec5 d\u00e0ng t\u00f9y ch\u1ec9nh theo m\u00f4 h\u00ecnh kinh doanh c\u1ee7a ti\u1ec7m.  <\/p>\n<h2 data-start=\"1008\" data-end=\"1064\">Nh\u1eefng \u0110i\u1ec3m N\u1ed5i B\u1eadt C\u1ee7a B\u00e0n Manicure Thu\u1ed9c B\u1ed9 S\u01b0u T\u1eadp CATE<\/h2>\n<div id=\"attachment_19046\" style=\"width: 1034px\" class=\"wp-caption aligncenter\"><img loading=\"lazy\" decoding=\"async\" aria-describedby=\"caption-attachment-19046\" class=\"wp-image-19045 size-large\" src=\"https:\/\/unikplace.com\/wp-content\/uploads\/2025\/07\/single-manicure-table-cate-collection-unikplace-02-1024x576.jpg\" alt=\"B\u00e0n Manicure \u0110\u01a1n | B\u1ed9 s\u01b0u t\u1eadp CATE | UnikPlace 02\" width=\"1024\" height=\"576\" srcset=\"https:\/\/unikplace.com\/wp-content\/uploads\/2025\/07\/single-manicure-table-cate-collection-unikplace-02-1024x576.jpg 1024w, https:\/\/unikplace.com\/wp-content\/uploads\/2025\/07\/single-manicure-table-cate-collection-unikplace-02-300x169.jpg 300w, https:\/\/unikplace.com\/wp-content\/uploads\/2025\/07\/single-manicure-table-cate-collection-unikplace-02-768x432.jpg 768w, https:\/\/unikplace.com\/wp-content\/uploads\/2025\/07\/single-manicure-table-cate-collection-unikplace-02-150x84.jpg 150w, https:\/\/unikplace.com\/wp-content\/uploads\/2025\/07\/single-manicure-table-cate-collection-unikplace-02.jpg 1200w\" sizes=\"auto, (max-width: 1024px) 100vw, 1024px\" \/><p id=\"caption-attachment-19046\" class=\"wp-caption-text\">B\u00e0n Manicure \u0110\u01a1n thu\u1ed9c B\u1ed9 s\u01b0u t\u1eadp CATE<\/p><\/div>\n<h3 data-start=\"1066\" data-end=\"1394\">Thi\u1ebft K\u1ebf T\u1ed1i Gi\u1ea3n \u2013 Sang Tr\u1ecdng \u2013 Thanh L\u1ecbch<\/h3>\n<p data-start=\"1066\" data-end=\"1394\">B\u00e0n Manicure s\u1edf h\u1eefu phong c\u00e1ch hi\u1ec7n \u0111\u1ea1i, tinh g\u1ecdn nh\u01b0ng \u0111\u1ea7y tinh t\u1ebf. S\u1ef1 k\u1ebft h\u1ee3p gi\u1eefa gam tr\u1eafng tinh kh\u00f4i, \u0111i\u1ec3m nh\u1ea5n v\u00e0ng \u00e1nh kim v\u00e0 h\u1ecda ti\u1ebft v\u00e2n \u0111\u00e1 th\u1eddi th\u01b0\u1ee3ng t\u1ea1o n\u00ean v\u1ebb \u0111\u1eb9p cu\u1ed1n h\u00fat, l\u00fd t\u01b0\u1edfng cho c\u00e1c ti\u1ec7m nail mong mu\u1ed1n x\u00e2y d\u1ef1ng h\u00ecnh \u1ea3nh sang tr\u1ecdng, chuy\u00ean nghi\u1ec7p \u2013 c\u1ea3 tr\u00ean m\u1ea1ng x\u00e3 h\u1ed9i l\u1eabn trong th\u1ef1c t\u1ebf. <\/p>\n<h3 data-start=\"1396\" data-end=\"1712\">Thi\u1ebft K\u1ebf Ti\u1ec7n D\u1ee5ng \u2013 S\u1eb5n S\u00e0ng Cho C\u00f4ng Vi\u1ec7c<\/h3>\n<p data-start=\"1396\" data-end=\"1712\">M\u1eb7t b\u00e0n r\u1ed9ng r\u00e3i gi\u00fap d\u1ec5 d\u00e0ng b\u1ed1 tr\u00ed \u0111\u1ea7y \u0111\u1ee7 c\u00e1c v\u1eadt d\u1ee5ng c\u1ea7n thi\u1ebft nh\u01b0 \u0111\u00e8n UV, kh\u0103n, chai s\u01a1n v\u00e0 d\u1ee5ng c\u1ee5 nail kh\u00e1c, gi\u00fap th\u1ee3 l\u00e0m vi\u1ec7c nhanh ch\u00f3ng v\u00e0 hi\u1ec7u qu\u1ea3 h\u01a1n. C\u1ee5m ng\u0103n k\u00e9o b\u1ed1 tr\u00ed th\u00f4ng minh \u1edf b\u00ean h\u00f4ng gi\u00fap d\u1ee5ng c\u1ee5 lu\u00f4n \u0111\u01b0\u1ee3c s\u1eafp x\u1ebfp g\u1ecdn g\u00e0ng v\u00e0 trong t\u1ea7m tay, t\u1ed1i \u01b0u h\u00f3a quy tr\u00ecnh l\u00e0m vi\u1ec7c. <\/p>\n<h3 data-start=\"1714\" data-end=\"2034\">Ph\u00f9 H\u1ee3p V\u1edbi M\u1ecdi Phong C\u00e1ch N\u1ed9i Th\u1ea5t Ti\u1ec7m Nail<\/h3>\n<p data-start=\"1714\" data-end=\"2034\">D\u00f9 b\u1ea1n \u0111ang m\u1edf ti\u1ec7m m\u1edbi hay c\u1ea3i t\u1ea1o kh\u00f4ng gian hi\u1ec7n t\u1ea1i, B\u00e0n Manicure n\u00e0y v\u1eabn d\u1ec5 d\u00e0ng ph\u1ed1i h\u1ee3p \u0111\u1ed3ng b\u1ed9 v\u1edbi Gh\u1ebf th\u1ee3, Gh\u1ebf kh\u00e1ch, T\u1ee7 tr\u01b0ng b\u00e0y ho\u1eb7c Qu\u1ea7y l\u1ec5 t\u00e2n. B\u1ea3ng m\u00e0u tr\u1eafng \u2013 v\u00e0ng \u2013 v\u00e2n \u0111\u00e1 gi\u00fap h\u00e0i h\u00f2a ho\u00e0n h\u1ea3o v\u1edbi c\u00e1c phong c\u00e1ch n\u1ed9i th\u1ea5t hi\u1ec7n \u0111\u1ea1i, t\u1ed1i gi\u1ea3n ho\u1eb7c t\u00e2n c\u1ed5 \u0111i\u1ec3n, mang \u0111\u1ebfn t\u1ed5ng th\u1ec3 sang tr\u1ecdng v\u00e0 chuy\u00ean nghi\u1ec7p cho ti\u1ec7m nail. <\/p>\n<h2 data-start=\"2041\" data-end=\"2084\">V\u00ec Sao N\u00ean \u0110\u1ea7u T\u01b0 V\u00e0o M\u1ed9t Chi\u1ebfc B\u00e0n Manicure Ch\u1ea5t L\u01b0\u1ee3ng Cao?<\/h2>\n<div id=\"attachment_19044\" style=\"width: 1034px\" class=\"wp-caption aligncenter\"><img loading=\"lazy\" decoding=\"async\" aria-describedby=\"caption-attachment-19044\" class=\"wp-image-19043 size-large\" src=\"https:\/\/unikplace.com\/wp-content\/uploads\/2025\/07\/double-manicure-table-cate-collection-unikplace-01-1024x576.jpg\" alt=\"B\u00e0n Manicure \u0110\u00f4i | B\u1ed9 s\u01b0u t\u1eadp CATE | UnikPlace 01\" width=\"1024\" height=\"576\" srcset=\"https:\/\/unikplace.com\/wp-content\/uploads\/2025\/07\/double-manicure-table-cate-collection-unikplace-01-1024x576.jpg 1024w, https:\/\/unikplace.com\/wp-content\/uploads\/2025\/07\/double-manicure-table-cate-collection-unikplace-01-300x169.jpg 300w, https:\/\/unikplace.com\/wp-content\/uploads\/2025\/07\/double-manicure-table-cate-collection-unikplace-01-768x432.jpg 768w, https:\/\/unikplace.com\/wp-content\/uploads\/2025\/07\/double-manicure-table-cate-collection-unikplace-01-150x84.jpg 150w, https:\/\/unikplace.com\/wp-content\/uploads\/2025\/07\/double-manicure-table-cate-collection-unikplace-01.jpg 1200w\" sizes=\"auto, (max-width: 1024px) 100vw, 1024px\" \/><p id=\"caption-attachment-19044\" class=\"wp-caption-text\">B\u00e0n Manicure \u0110\u00f4i thu\u1ed9c B\u1ed9 s\u01b0u t\u1eadp CATE<\/p><\/div>\n<h3 data-start=\"2086\" data-end=\"2380\">T\u1ea1o \u1ea5n t\u01b0\u1ee3ng \u0111\u1ea7u ti\u00ean m\u1ea1nh m\u1ebd v\u00e0 chuy\u00ean nghi\u1ec7p<\/h3>\n<p data-start=\"2086\" data-end=\"2380\">M\u1ed9t chi\u1ebfc b\u00e0n \u0111\u01b0\u1ee3c thi\u1ebft k\u1ebf tinh x\u1ea3o s\u1ebd n\u00e2ng t\u1ea7m kh\u00f4ng gian t\u1ed5ng th\u1ec3 c\u1ee7a ti\u1ec7m v\u00e0 th\u1ec3 hi\u1ec7n s\u1ef1 \u0111\u1ea7u t\u01b0 ch\u1ec9n chu, cao c\u1ea5p trong thi\u1ebft k\u1ebf. \u1ea4n t\u01b0\u1ee3ng \u0111\u1ea7u ti\u00ean lu\u00f4n quan tr\u1ecdng \u2013 v\u00e0 chi\u1ebfc b\u00e0n n\u00e0y ngay l\u1eadp t\u1ee9c truy\u1ec1n t\u1ea3i s\u1ef1 chuy\u00ean nghi\u1ec7p v\u00e0 tinh t\u1ebf, gi\u00fap t\u1ea1o d\u1ef1ng ni\u1ec1m tin v\u00e0 gi\u1eef ch\u00e2n kh\u00e1ch h\u00e0ng l\u00e2u d\u00e0i. <\/p>\n<h3 data-start=\"2382\" data-end=\"2665\">T\u0103ng Hi\u1ec7u Qu\u1ea3 L\u00e0m Vi\u1ec7c<\/h3>\n<p data-start=\"2382\" data-end=\"2665\">Chi\u1ec1u cao, di\u1ec7n t\u00edch m\u1eb7t b\u00e0n v\u00e0 v\u1ecb tr\u00ed ng\u0103n ch\u1ee9a \u0111\u01b0\u1ee3c thi\u1ebft k\u1ebf chu\u1ea9n c\u00f4ng th\u00e1i h\u1ecdc, gi\u00fap th\u1ee3 l\u00e0m vi\u1ec7c tho\u1ea3i m\u00e1i v\u00e0 ch\u00ednh x\u00e1c h\u01a1n. S\u1ef1 hi\u1ec7u qu\u1ea3 trong thao t\u00e1c gi\u00fap gi\u1ea3m sai s\u00f3t, t\u0103ng n\u0103ng su\u1ea5t, \u0111\u1ed3ng th\u1eddi n\u00e2ng cao ch\u1ea5t l\u01b0\u1ee3ng d\u1ecbch v\u1ee5 v\u00e0 s\u1ef1 h\u00e0i l\u00f2ng c\u1ee7a kh\u00e1ch h\u00e0ng. <\/p>\n<h2 data-start=\"2672\" data-end=\"2698\">B\u00e0n Manicue n\u00e0y d\u00e0nh cho ai?<\/h2>\n<p data-start=\"2700\" data-end=\"2740\">C\u00e1c ch\u1ee7 ti\u1ec7m nail t\u1ea1i Hoa K\u1ef3 \u0111ang:<\/p>\n<ul>\n<li data-start=\"2743\" data-end=\"2812\">\u0110ang m\u1edf ti\u1ec7m m\u1edbi v\u00e0 c\u1ea7n n\u1ed9i th\u1ea5t \u0111\u1ed3ng b\u1ed9, chuy\u00ean nghi\u1ec7p.<\/li>\n<li data-start=\"2815\" data-end=\"2865\">C\u1ea3i t\u1ea1o kh\u00f4ng gian nh\u1eb1m n\u00e2ng cao gi\u00e1 tr\u1ecb th\u01b0\u01a1ng hi\u1ec7u v\u00e0 t\u00ednh th\u1ea9m m\u1ef9.<\/li>\n<li data-start=\"2868\" data-end=\"2926\">T\u00ecm ki\u1ebfm B\u00e0n Manicure b\u1ec1n ch\u1eafc, sang tr\u1ecdng v\u00e0 s\u1eed d\u1ee5ng l\u00e2u d\u00e0i.<\/li>\n<\/ul>\n<h3 data-start=\"2933\" data-end=\"3012\">Mua B\u00e0n Manicure T\u1ea1i UnikPlace \u2013 Kho\u1ea3n \u0110\u1ea7u T\u01b0 X\u1ee9ng \u0110\u00e1ng Cho Ti\u1ec7m Nail C\u1ee7a B\u1ea1n<\/h3>\n<p data-start=\"3014\" data-end=\"3173\">T\u1ea1i UnikPlace, ch\u00fang t\u00f4i kh\u00f4ng ch\u1ec9 cung c\u1ea5p n\u1ed9i th\u1ea5t, m\u00e0 c\u00f2n \u0111\u1ed3ng h\u00e0nh c\u00f9ng b\u1ea1n trong vi\u1ec7c x\u00e2y d\u1ef1ng kh\u00f4ng gian ti\u1ec7m nail cao c\u1ea5p v\u00e0 mang \u0111\u1eadm d\u1ea5u \u1ea5n th\u01b0\u01a1ng hi\u1ec7u ri\u00eang, gi\u00fap thu h\u00fat v\u00e0 t\u1ea1o \u1ea5n t\u01b0\u1ee3ng m\u1ea1nh m\u1ebd v\u1edbi kh\u00e1ch h\u00e0ng.<br \/>V\u1edbi d\u1ecbch v\u1ee5 giao h\u00e0ng to\u00e0n qu\u1ed1c t\u1ea1i Hoa K\u1ef3, t\u01b0 v\u1ea5n thi\u1ebft k\u1ebf chuy\u00ean nghi\u1ec7p, ph\u1ed1i h\u1ee3p n\u1ed9i th\u1ea5t \u0111\u1ed3ng b\u1ed9 v\u00e0 \u01b0u \u0111\u00e3i \u0111\u1eb7c bi\u1ec7t cho \u0111\u01a1n h\u00e0ng s\u1ed1 l\u01b0\u1ee3ng l\u1edbn, UnikPlace ch\u00ednh l\u00e0 \u0111i\u1ec3m \u0111\u1ebfn l\u00fd t\u01b0\u1edfng \u0111\u1ec3 n\u00e2ng t\u1ea7m kh\u00f4ng gian v\u00e0 h\u00ecnh \u1ea3nh th\u01b0\u01a1ng hi\u1ec7u ti\u1ec7m nail c\u1ee7a b\u1ea1n. <\/p>\n<p data-start=\"3398\" data-end=\"3466\" data-is-last-node=\"\" data-is-only-node=\"\">Li\u00ean h\u1ec7 v\u1edbi ch\u00fang t\u00f4i ngay h\u00f4m nay \u0111\u1ec3 \u0111\u01b0\u1ee3c h\u1ed7 tr\u1ee3 chuy\u00ean nghi\u1ec7p v\u00e0 t\u01b0 v\u1ea5n thi\u1ebft k\u1ebf c\u00e1 nh\u00e2n h\u00f3a:<\/p>\n<ul>\n<li data-start=\"4048\" data-end=\"4107\"><strong>\u0110\u1ecba ch\u1ec9: Westminster California 92683 United States<\/strong><\/li>\n<li data-start=\"4110\" data-end=\"4161\"><strong>Website: <a class=\"\" href=\"https:\/\/unikplace.com\/vi\/\" target=\"_new\" rel=\"noopener\" data-start=\"4123\" data-end=\"4159\">unikplace.com<\/a><\/strong><\/li>\n<li data-start=\"4164\" data-end=\"4196\"><strong>Hotline: +1 (909) 566 0899<\/strong><\/li>\n<li data-start=\"4199\" data-end=\"4228\"><strong>Email: <a href=\"mailto:info@unikplace.com\">info@unikplace.com<\/a><\/strong><\/li>\n<\/ul>\n","protected":false},"excerpt":{"rendered":"<p>B\u00e0n Manicure | B\u1ed9 S\u01b0u T\u1eadp CATE n\u1ed5i b\u1eadt v\u1edbi thi\u1ebft k\u1ebf hi\u1ec7n \u0111\u1ea1i, m\u1eb7t b\u00e0n tr\u1eafng k\u1ebft h\u1ee3p v\u00e2n \u0111\u00e1 tinh t\u1ebf c\u00f9ng vi\u1ec1n m\u1ea1 v\u00e0ng sang tr\u1ecdng, t\u1ea1o n\u00ean v\u1ebb \u0111\u1eb9p thanh l\u1ecbch v\u00e0 \u0111\u1eb3ng c\u1ea5p cho kh\u00f4ng gian ti\u1ec7m.<\/p>\n","protected":false},"featured_media":15623,"comment_status":"closed","ping_status":"closed","template":"","meta":{"_acf_changed":false,"content-type":""},"product_brand":[],"product_cat":[234,484,399,398],"product_tag":[],"class_list":{"0":"post-10491","1":"product","2":"type-product","3":"status-publish","4":"has-post-thumbnail","6":"product_cat-bo-suu-tap","7":"product_cat-bo-suu-tap-cate-vi","8":"product_cat-cham-soc-mong-tay","9":"product_cat-san-pham-nganh-nail","11":"first","12":"instock","13":"taxable","14":"shipping-taxable","15":"product-type-variable"},"acf":[],"_links":{"self":[{"href":"https:\/\/unikplace.com\/vi\/wp-json\/wp\/v2\/product\/10491","targetHints":{"allow":["GET"]}}],"collection":[{"href":"https:\/\/unikplace.com\/vi\/wp-json\/wp\/v2\/product"}],"about":[{"href":"https:\/\/unikplace.com\/vi\/wp-json\/wp\/v2\/types\/product"}],"replies":[{"embeddable":true,"href":"https:\/\/unikplace.com\/vi\/wp-json\/wp\/v2\/comments?post=10491"}],"wp:featuredmedia":[{"embeddable":true,"href":"https:\/\/unikplace.com\/vi\/wp-json\/wp\/v2\/media\/15623"}],"wp:attachment":[{"href":"https:\/\/unikplace.com\/vi\/wp-json\/wp\/v2\/media?parent=10491"}],"wp:term":[{"taxonomy":"product_brand","embeddable":true,"href":"https:\/\/unikplace.com\/vi\/wp-json\/wp\/v2\/product_brand?post=10491"},{"taxonomy":"product_cat","embeddable":true,"href":"https:\/\/unikplace.com\/vi\/wp-json\/wp\/v2\/product_cat?post=10491"},{"taxonomy":"product_tag","embeddable":true,"href":"https:\/\/unikplace.com\/vi\/wp-json\/wp\/v2\/product_tag?post=10491"}],"curies":[{"name":"wp","href":"https:\/\/api.w.org\/{rel}","templated":true}]}}