{"id":10518,"date":"2025-06-27T04:05:27","date_gmt":"2025-06-27T04:05:27","guid":{"rendered":"https:\/\/unikplace.us\/uncategorized\/ke-son-mong-01-ke\/"},"modified":"2025-07-30T08:40:37","modified_gmt":"2025-07-30T08:40:37","slug":"ke-son-mong-01-ke","status":"publish","type":"product","link":"https:\/\/unikplace.com\/vi\/ke-trung-bai\/ke-son-mong-01-ke\/","title":{"rendered":"K\u1ec7 S\u01a1n M\u00f3ng 01 | K\u1ec7"},"content":{"rendered":"<p data-start=\"357\" data-end=\"674\">Kh\u00f4ng gian n\u1ed9i th\u1ea5t ti\u1ec7m nail kh\u00f4ng ch\u1ec9 c\u1ea7n ti\u1ec7n nghi m\u00e0 c\u00f2n ph\u1ea3i th\u1ec3 hi\u1ec7n \u0111\u1eb3ng c\u1ea5p v\u00e0 phong c\u00e1ch ri\u00eang bi\u1ec7t. M\u1eabu k\u1ec7 s\u01a1n m\u00f3ng UnikPlace ch\u00ednh l\u00e0 l\u1ef1a ch\u1ecdn l\u00fd t\u01b0\u1edfng gi\u00fap b\u1ea1n n\u00e2ng t\u1ea7m h\u00ecnh \u1ea3nh ti\u1ec7m, \u0111\u1ed3ng th\u1eddi t\u1ed1i \u01b0u h\u00f3a kh\u1ea3 n\u0103ng tr\u01b0ng b\u00e0y c\u00e1c b\u1ed9 s\u01b0u t\u1eadp s\u01a1n chuy\u00ean nghi\u1ec7p m\u1ed9t c\u00e1ch \u1ea5n t\u01b0\u1ee3ng, ng\u0103n n\u1eafp v\u00e0 \u0111\u1ea7y cu\u1ed1n h\u00fat.<\/p>\n<h2 data-start=\"681\" data-end=\"711\">Th\u00f4ng tin chi ti\u1ebft s\u1ea3n ph\u1ea9m<\/h2>\n<ul>\n<li data-start=\"862\" data-end=\"938\">Ch\u1ea5t li\u1ec7u: Ch\u1ed1ng \u1ea9m ph\u1ee7 s\u01a1n cao c\u1ea5p, k\u1ebft h\u1ee3p khung kim lo\u1ea1i m\u1ea1 v\u00e0ng<\/li>\n<li data-start=\"941\" data-end=\"994\">S\u1ee9c ch\u1ee9a: Ch\u1ee9a \u0111\u01b0\u1ee3c r\u1ea5t nhi\u1ec1u\u00a0chai s\u01a1n<\/li>\n<li data-start=\"997\" data-end=\"1075\">Thi\u1ebft k\u1ebf: 2 khoang l\u1edbn chia t\u1ea7ng \u0111\u1ec1u, d\u1ec5 d\u00e0ng ph\u00e2n lo\u1ea1i s\u01a1n theo b\u1ed9 s\u01b0u t\u1eadp<\/li>\n<li data-start=\"1078\" data-end=\"1137\">B\u1ea3ng t\u00ean n\u1ed5i b\u1eadt &#8220;POLISH RACK&#8221; k\u1ebft h\u1ee3p \u0111\u00e8n LED sang tr\u1ecdng<\/li>\n<li data-start=\"1140\" data-end=\"1217\">M\u00e0u s\u1eafc: Tr\u1eafng ch\u1ee7 \u0111\u1ea1o, nh\u1ea5n nh\u00e1 s\u1eafc kim lo\u1ea1i \u00e1nh b\u1ea1c, t\u00f4n vinh n\u00e9t tinh t\u1ebf<\/li>\n<li data-start=\"1220\" data-end=\"1266\">T\u00edch h\u1ee3p \u00e1nh s\u00e1ng \u00e2m tr\u1ea7n l\u00e0m n\u1ed5i b\u1eadt t\u1ed5ng th\u1ec3<\/li>\n<\/ul>\n<h2 data-start=\"1273\" data-end=\"1307\">\u0110\u1eb7c \u0111i\u1ec3m n\u1ed5i b\u1eadt trong thi\u1ebft k\u1ebf<\/h2>\n<h3 data-start=\"1309\" data-end=\"1359\">Thi\u1ebft k\u1ebf \u0111\u1ed1i x\u1ee9ng gi\u00fap t\u1ea1o c\u1ea3m gi\u00e1c chuy\u00ean nghi\u1ec7p<\/h3>\n<p data-start=\"1361\" data-end=\"1603\">S\u1ef1 c\u00e2n \u0111\u1ed1i tuy\u1ec7t \u0111\u1ed1i trong thi\u1ebft k\u1ebf \u0111\u00e3 bi\u1ebfn chi\u1ebfc k\u1ec7 s\u01a1n kh\u00f4ng ch\u1ec9 \u0111\u01a1n thu\u1ea7n l\u00e0 v\u1eadt d\u1ee5ng l\u01b0u tr\u1eef, m\u00e0 c\u00f2n tr\u1edf th\u00e0nh m\u1ed9t chi ti\u1ebft ki\u1ebfn tr\u00fac \u0111\u1ea7y \u1ea5n t\u01b0\u1ee3ng, g\u00f3p ph\u1ea7n \u0111\u1ecbnh h\u00ecnh th\u1ea9m m\u1ef9 t\u1ed5ng th\u1ec3 cho kh\u00f4ng gian ti\u1ec7m.<\/p>\n<p data-start=\"1361\" data-end=\"1603\">C\u00e1c t\u1ea7ng k\u1ec7 \u0111\u01b0\u1ee3c ph\u00e2n chia t\u1ec9 l\u1ec7 khoa h\u1ecdc v\u00e0 h\u1ee3p l\u00fd, gi\u00fap s\u1eafp x\u1ebfp c\u00e1c l\u1ecd s\u01a1n m\u1ed9t c\u00e1ch ng\u0103n n\u1eafp, d\u1ec5 quan s\u00e1t, t\u1eeb \u0111\u00f3 n\u00e2ng cao tr\u1ea3i nghi\u1ec7m l\u1ef1a ch\u1ecdn s\u1ea3n ph\u1ea9m cho kh\u00e1ch h\u00e0ng v\u00e0 t\u1ed1i \u01b0u h\u00f3a quy tr\u00ecnh l\u00e0m vi\u1ec7c c\u1ee7a k\u1ef9 thu\u1eadt vi\u00ean.<\/p>\n<h3 data-start=\"1605\" data-end=\"1645\">T\u00edch h\u1ee3p h\u1ec7 th\u1ed1ng chi\u1ebfu s\u00e1ng th\u1ea9m m\u1ef9<\/h3>\n<article class=\"text-token-text-primary w-full focus:outline-none scroll-mt-[calc(var(--header-height)+min(200px,max(70px,20svh)))]\" dir=\"auto\" tabindex=\"-1\" data-testid=\"conversation-turn-178\" data-scroll-anchor=\"true\" data-turn=\"assistant\">\n<div class=\"text-base my-auto mx-auto pb-10 [--thread-content-margin:--spacing(4)] @[37rem]:[--thread-content-margin:--spacing(6)] @[72rem]:[--thread-content-margin:--spacing(16)] px-(--thread-content-margin)\">\n<div class=\"[--thread-content-max-width:32rem] @[34rem]:[--thread-content-max-width:40rem] @[64rem]:[--thread-content-max-width:48rem] mx-auto max-w-(--thread-content-max-width) flex-1 group\/turn-messages focus-visible:outline-hidden relative flex w-full min-w-0 flex-col agent-turn\" tabindex=\"-1\">\n<div class=\"flex max-w-full flex-col grow\">\n<div class=\"min-h-8 text-message relative flex w-full flex-col items-end gap-2 text-start break-words whitespace-normal [.text-message+&amp;]:mt-5\" dir=\"auto\" data-message-author-role=\"assistant\" data-message-id=\"7a98dc6e-ecd5-4069-9c44-ac3b7c493b7e\" data-message-model-slug=\"gpt-4o\">\n<div class=\"flex w-full flex-col gap-1 empty:hidden first:pt-[3px]\">\n<div class=\"markdown prose dark:prose-invert w-full break-words light\">\n<p data-start=\"0\" data-end=\"425\" data-is-last-node=\"\" data-is-only-node=\"\">Ph\u1ea7n tr\u00ean c\u1ee7a k\u1ec7 \u0111\u01b0\u1ee3c tinh t\u1ebf t\u00edch h\u1ee3p h\u1ec7 th\u1ed1ng \u0111\u00e8n \u00e2m v\u1edbi \u00e1nh s\u00e1ng d\u1ecbu nh\u1eb9, k\u1ebft h\u1ee3p c\u00f9ng t\u00f4ng v\u00e0ng nh\u1ea1t \u1ea5m \u00e1p, t\u1ea1o n\u00ean hi\u1ec7u \u1ee9ng chi\u1ebfu s\u00e1ng ho\u00e0n h\u1ea3o \u0111\u1ec3 t\u00f4n l\u00ean v\u1ebb \u0111\u1eb9p ch\u00e2n th\u1ef1c v\u00e0 s\u1ed1ng \u0111\u1ed9ng c\u1ee7a t\u1eebng m\u00e0u s\u01a1n m\u00f3ng.<\/p>\n<p data-start=\"0\" data-end=\"425\" data-is-last-node=\"\" data-is-only-node=\"\">Nh\u1edd \u00e1nh s\u00e1ng \u0111\u01b0\u1ee3c ph\u00e2n b\u1ed5 \u0111\u1ec1u, kh\u00f4ng g\u00e2y ch\u00f3i m\u1eaft, kh\u00e1ch h\u00e0ng c\u00f3 th\u1ec3 d\u1ec5 d\u00e0ng quan s\u00e1t v\u00e0 l\u1ef1a ch\u1ecdn m\u00e0u s\u1eafc y\u00eau th\u00edch m\u1ed9t c\u00e1ch ch\u00ednh x\u00e1c, t\u1eeb \u0111\u00f3 n\u00e2ng cao tr\u1ea3i nghi\u1ec7m th\u1ecb gi\u00e1c v\u00e0 c\u1ea3m x\u00fac trong su\u1ed1t qu\u00e1 tr\u00ecnh l\u00e0m \u0111\u1eb9p.<\/p>\n<\/div>\n<\/div>\n<\/div>\n<\/div>\n<\/div>\n<\/div>\n<\/article>\n<h3 data-start=\"1844\" data-end=\"1887\">T\u00f4n vinh kh\u00f4ng gian, ph\u1ed1i c\u1ea3nh tinh t\u1ebf<\/h3>\n<article class=\"text-token-text-primary w-full focus:outline-none scroll-mt-[calc(var(--header-height)+min(200px,max(70px,20svh)))]\" dir=\"auto\" tabindex=\"-1\" data-testid=\"conversation-turn-180\" data-scroll-anchor=\"true\" data-turn=\"assistant\">\n<div class=\"text-base my-auto mx-auto pb-10 [--thread-content-margin:--spacing(4)] @[37rem]:[--thread-content-margin:--spacing(6)] @[72rem]:[--thread-content-margin:--spacing(16)] px-(--thread-content-margin)\">\n<div class=\"[--thread-content-max-width:32rem] @[34rem]:[--thread-content-max-width:40rem] @[64rem]:[--thread-content-max-width:48rem] mx-auto max-w-(--thread-content-max-width) flex-1 group\/turn-messages focus-visible:outline-hidden relative flex w-full min-w-0 flex-col agent-turn\" tabindex=\"-1\">\n<div class=\"flex max-w-full flex-col grow\">\n<div class=\"min-h-8 text-message relative flex w-full flex-col items-end gap-2 text-start break-words whitespace-normal [.text-message+&amp;]:mt-5\" dir=\"auto\" data-message-author-role=\"assistant\" data-message-id=\"0fea7c0b-7a4e-4b19-8958-659dab04b155\" data-message-model-slug=\"gpt-4o\">\n<div class=\"flex w-full flex-col gap-1 empty:hidden first:pt-[3px]\">\n<div class=\"markdown prose dark:prose-invert w-full break-words light\">\n<p data-start=\"0\" data-end=\"503\" data-is-last-node=\"\" data-is-only-node=\"\">T\u1eeb n\u1ec1n t\u01b0\u1eddng tr\u1ea7m m\u00e0u \u0111\u1ea7y chi\u1ec1u s\u00e2u, nh\u1eefng b\u00ecnh hoa ngh\u1ec7 thu\u1eadt \u0111\u01b0\u1ee3c s\u1eafp \u0111\u1eb7t tinh t\u1ebf, cho \u0111\u1ebfn h\u1ec7 th\u1ed1ng \u00e1nh s\u00e1ng tr\u1ea7n \u0111\u01b0\u1ee3c b\u1ed1 tr\u00ed kh\u00e9o l\u00e9o &#8211; t\u1ea5t c\u1ea3 c\u00e1c y\u1ebfu t\u1ed1 trong kh\u00f4ng gian \u0111\u1ec1u nh\u01b0 \u0111\u01b0\u1ee3c t\u00f4n vinh v\u00e0 h\u00f2a quy\u1ec7n nh\u1edd s\u1ef1 hi\u1ec7n di\u1ec7n n\u1ed5i b\u1eadt c\u1ee7a chi\u1ebfc k\u1ec7 s\u01a1n \u0111\u1eb7t t\u1ea1i trung t\u00e2m.<\/p>\n<p data-start=\"0\" data-end=\"503\" data-is-last-node=\"\" data-is-only-node=\"\">Kh\u00f4ng \u0111\u01a1n thu\u1ea7n ch\u1ec9 l\u00e0 m\u1ed9t v\u1eadt d\u1ee5ng tr\u01b0ng b\u00e0y, chi\u1ebfc k\u1ec7 c\u00f2n l\u00e0 m\u1ed9t \u0111i\u1ec3m nh\u1ea5n n\u1ed9i th\u1ea5t mang t\u00ednh ngh\u1ec7 thu\u1eadt, g\u00f3p ph\u1ea7n \u0111\u1ecbnh h\u00ecnh phong c\u00e1ch kh\u00f4ng gian, th\u1ec3 hi\u1ec7n gu th\u1ea9m m\u1ef9 tinh t\u1ebf v\u00e0 s\u1ef1 \u0111\u1ea7u t\u01b0 ch\u1ec9n chu c\u1ee7a ch\u1ee7 ti\u1ec7m trong t\u1eebng chi ti\u1ebft.<\/p>\n<\/div>\n<\/div>\n<\/div>\n<\/div>\n<\/div>\n<\/div>\n<\/article>\n<h2 data-start=\"2120\" data-end=\"2158\">L\u1ee3i \u00edch khi \u0111\u1ea7u t\u01b0 k\u1ec7 s\u01a1n UnikPlace<\/h2>\n<ul>\n<li data-start=\"2162\" data-end=\"2238\">Gia t\u0103ng gi\u00e1 tr\u1ecb th\u1ea9m m\u1ef9 cho ti\u1ec7m nail, t\u1ea1o d\u1ea5u \u1ea5n v\u1edbi kh\u00e1ch h\u00e0ng m\u1edbi<\/li>\n<li data-start=\"2241\" data-end=\"2316\">Qu\u1ea3n l\u00fd, tr\u01b0ng b\u00e0y v\u00e0 ph\u00e2n lo\u1ea1i m\u00e0u s\u1eafc m\u1ed9t c\u00e1ch khoa h\u1ecdc v\u00e0 hi\u1ec7u qu\u1ea3<\/li>\n<li data-start=\"2319\" data-end=\"2395\">D\u1ec5 d\u00e0ng k\u1ebft h\u1ee3p v\u1edbi phong c\u00e1ch n\u1ed9i th\u1ea5t hi\u1ec7n \u0111\u1ea1i, t\u1ed1i gi\u1ea3n ho\u1eb7c sang tr\u1ecdng<\/li>\n<li data-start=\"2398\" data-end=\"2464\">Ti\u1ebft ki\u1ec7m di\u1ec7n t\u00edch, t\u0103ng kh\u1ea3 n\u0103ng l\u01b0u tr\u1eef m\u00e0 kh\u00f4ng g\u00e2y r\u1ed1i m\u1eaft<\/li>\n<li data-start=\"2467\" data-end=\"2530\">Th\u00fac \u0111\u1ea9y tr\u1ea3i nghi\u1ec7m kh\u00e1ch h\u00e0ng gi\u00fap t\u0103ng t\u1ef7 l\u1ec7 kh\u00e1ch quay l\u1ea1i<\/li>\n<\/ul>\n<h2 data-start=\"2537\" data-end=\"2565\">Ai n\u00ean \u0111\u1ea7u t\u01b0 m\u1eabu k\u1ec7 n\u00e0y?<\/h2>\n<ul>\n<li data-start=\"2569\" data-end=\"2636\">Ch\u1ee7 ti\u1ec7m nail \u0111ang t\u00ecm ki\u1ebfm gi\u1ea3i ph\u00e1p tr\u01b0ng b\u00e0y hi\u1ec7n \u0111\u1ea1i, tinh t\u1ebf<\/li>\n<li data-start=\"2639\" data-end=\"2707\">C\u00e1c ti\u1ec7m mu\u1ed1n t\u00e1i thi\u1ebft k\u1ebf kh\u00f4ng gian n\u1ed9i th\u1ea5t &#8211; n\u00e2ng c\u1ea5p t\u1ed5ng th\u1ec3<\/li>\n<li data-start=\"2710\" data-end=\"2782\">Ng\u01b0\u1eddi m\u1edbi m\u1edf ti\u1ec7m nail, c\u1ea7n gi\u1ea3i ph\u00e1p n\u1ed9i th\u1ea5t \u0111\u1ed3ng b\u1ed9 v\u00e0 hi\u1ec7u qu\u1ea3<\/li>\n<li data-start=\"2785\" data-end=\"2850\">C\u00e1c ch\u1ee7 \u0111\u1ea7u t\u01b0 ng\u00e0nh l\u00e0m \u0111\u1eb9p c\u1ea7n t\u1ea1o \u0111i\u1ec3m nh\u1ea5n trong showroom<\/li>\n<\/ul>\n<h2 data-start=\"2857\" data-end=\"2941\">\u0110\u1eb7t h\u00e0ng ngay t\u1ea1i UnikPlace &#8211; \u0110\u1ed1i t\u00e1c tin c\u1eady c\u1ee7a ch\u1ee7 ti\u1ec7m nail ng\u01b0\u1eddi Vi\u1ec7t t\u1ea1i M\u1ef9<\/h2>\n<p data-start=\"2943\" data-end=\"3173\">T\u1ea1i UnikPlace, ch\u00fang t\u00f4i kh\u00f4ng ch\u1ec9 cung c\u1ea5p s\u1ea3n ph\u1ea9m n\u1ed9i th\u1ea5t, m\u00e0 c\u00f2n \u0111\u1ed3ng h\u00e0nh trong vi\u1ec7c t\u1ea1o d\u1ef1ng th\u01b0\u01a1ng hi\u1ec7u c\u00e1 nh\u00e2n cho ch\u1ee7 ti\u1ec7m nail. V\u1edbi h\u00e0ng tr\u0103m c\u00f4ng tr\u00ecnh thi c\u00f4ng t\u1ea1i M\u1ef9, \u0111\u1ed9i ng\u0169 chuy\u00ean gia c\u1ee7a UnikPlace cam k\u1ebft:<\/p>\n<ul>\n<li data-start=\"3177\" data-end=\"3236\">Thi\u1ebft k\u1ebf theo y\u00eau c\u1ea7u ri\u00eang, t\u1ed1i \u01b0u t\u1eebng inch kh\u00f4ng gian<\/li>\n<li data-start=\"3239\" data-end=\"3283\">V\u1eadn chuy\u1ec3n, l\u1eafp \u0111\u1eb7t t\u1eadn n\u01a1i, \u0111\u00fang ti\u1ebfn \u0111\u1ed9<\/li>\n<li data-start=\"3286\" data-end=\"3322\">B\u1ea3o h\u00e0nh chu \u0111\u00e1o, h\u1eadu m\u00e3i d\u00e0i l\u00e2u<\/li>\n<li data-start=\"3325\" data-end=\"3389\">Cam k\u1ebft \u0111\u00fang m\u1eabu, \u0111\u00fang ch\u1ea5t l\u01b0\u1ee3ng<\/li>\n<\/ul>\n<p data-start=\"3391\" data-end=\"3556\">B\u1ea1n mu\u1ed1n ti\u1ec7m nail tr\u1edf th\u00e0nh \u0111i\u1ec3m \u0111\u1ebfn l\u00fd t\u01b0\u1edfng v\u00e0 thu h\u00fat? \u0110\u1eebng ch\u1ea7n ch\u1eeb, h\u00e3y li\u00ean h\u1ec7 ngay v\u1edbi UnikPlace \u0111\u1ec3 \u0111\u01b0\u1ee3c t\u01b0 v\u1ea5n v\u00e0 \u0111\u1eb7t h\u00e0ng m\u1eabu k\u1ec7 s\u01a1n m\u00f3ng cao c\u1ea5p h\u00f4m nay!<\/p>\n<div class=\"pointer-events-none h-px w-px\" aria-hidden=\"true\" data-edge=\"true\">Th\u00f4ng tin li\u00ean h\u1ec7 \u0111\u1ec3 \u0111\u01b0\u1ee3c h\u1ed7 tr\u1ee3 v\u00e0 t\u01b0 v\u1ea5n nhanh ch\u00f3ng:<\/div>\n<ul>\n<li class=\"pointer-events-none h-px w-px\" aria-hidden=\"true\" data-edge=\"true\"><strong>\u0110\u1ecba ch\u1ec9: Westminster California 92683 United States<\/strong><\/li>\n<li class=\"pointer-events-none h-px w-px\" aria-hidden=\"true\" data-edge=\"true\"><strong>Website:<a href=\"https:\/\/unikplace.com\/vi\/\">\u00a0unikplace.com<br \/>\n<\/a><\/strong><\/li>\n<li class=\"pointer-events-none h-px w-px\" aria-hidden=\"true\" data-edge=\"true\"><strong>Hotline: +1(909) 566 0899<\/strong><\/li>\n<li class=\"pointer-events-none h-px w-px\" aria-hidden=\"true\" data-edge=\"true\"><strong>Email:\u00a0<a href=\"mailto:info@unikplace.com\">info@unikplace.com<\/a><\/strong><\/li>\n<\/ul>\n","protected":false},"excerpt":{"rendered":"<p data-start=\"3586\" data-end=\"3766\">K\u1ec7 s\u01a1n m\u00f3ng cao c\u1ea5p UnikPlace v\u1edbi thi\u1ebft k\u1ebf sang tr\u1ecdng, \u00e1nh s\u00e1ng t\u00edch h\u1ee3p, s\u1ee9c ch\u1ee9a l\u1edbn l\u00e0 gi\u1ea3i ph\u00e1p t\u1ed1i \u01b0u cho c\u00e1c ti\u1ec7m nail mu\u1ed1n n\u00e2ng t\u1ea7m kh\u00f4ng gian v\u00e0 g\u00e2y \u1ea5n t\u01b0\u1ee3ng v\u1edbi kh\u00e1ch h\u00e0ng.<\/p>\n","protected":false},"featured_media":15730,"comment_status":"closed","ping_status":"closed","template":"","meta":{"_acf_changed":false,"content-type":""},"product_brand":[],"product_cat":[241,235],"product_tag":[],"class_list":{"0":"post-10518","1":"product","2":"type-product","3":"status-publish","4":"has-post-thumbnail","6":"product_cat-ke-trung-bai","7":"product_cat-noi-that","9":"first","10":"instock","11":"taxable","12":"shipping-taxable","13":"product-type-simple"},"acf":[],"_links":{"self":[{"href":"https:\/\/unikplace.com\/vi\/wp-json\/wp\/v2\/product\/10518","targetHints":{"allow":["GET"]}}],"collection":[{"href":"https:\/\/unikplace.com\/vi\/wp-json\/wp\/v2\/product"}],"about":[{"href":"https:\/\/unikplace.com\/vi\/wp-json\/wp\/v2\/types\/product"}],"replies":[{"embeddable":true,"href":"https:\/\/unikplace.com\/vi\/wp-json\/wp\/v2\/comments?post=10518"}],"wp:featuredmedia":[{"embeddable":true,"href":"https:\/\/unikplace.com\/vi\/wp-json\/wp\/v2\/media\/15730"}],"wp:attachment":[{"href":"https:\/\/unikplace.com\/vi\/wp-json\/wp\/v2\/media?parent=10518"}],"wp:term":[{"taxonomy":"product_brand","embeddable":true,"href":"https:\/\/unikplace.com\/vi\/wp-json\/wp\/v2\/product_brand?post=10518"},{"taxonomy":"product_cat","embeddable":true,"href":"https:\/\/unikplace.com\/vi\/wp-json\/wp\/v2\/product_cat?post=10518"},{"taxonomy":"product_tag","embeddable":true,"href":"https:\/\/unikplace.com\/vi\/wp-json\/wp\/v2\/product_tag?post=10518"}],"curies":[{"name":"wp","href":"https:\/\/api.w.org\/{rel}","templated":true}]}}